{"id":761,"date":"2019-03-14T19:21:44","date_gmt":"2019-03-14T18:21:44","guid":{"rendered":"http:\/\/tellus-ing.com\/?page_id=761"},"modified":"2019-05-29T14:14:04","modified_gmt":"2019-05-29T12:14:04","slug":"fiches-conseils","status":"publish","type":"page","link":"https:\/\/tellus-ing.com\/en\/fiches-conseils\/","title":{"rendered":"Advice sheet : Cement Storage instruction"},"content":{"rendered":"<div data-elementor-type=\"wp-post\" data-elementor-id=\"761\" class=\"elementor elementor-761\" data-elementor-settings=\"{&quot;ha_cmc_init_switcher&quot;:&quot;no&quot;}\">\n\t\t\t\t\t\t<section class=\"elementor-section elementor-top-section elementor-element elementor-element-3d8c929 elementor-section-boxed elementor-section-height-default elementor-section-height-default\" data-id=\"3d8c929\" data-element_type=\"section\" data-e-type=\"section\" data-settings=\"{&quot;_ha_eqh_enable&quot;:false}\">\n\t\t\t\t\t\t<div class=\"elementor-container elementor-column-gap-default\">\n\t\t\t\t\t<div class=\"elementor-column elementor-col-100 elementor-top-column elementor-element elementor-element-4494935\" data-id=\"4494935\" data-element_type=\"column\" data-e-type=\"column\">\n\t\t\t<div class=\"elementor-widget-wrap elementor-element-populated\">\n\t\t\t\t\t\t<div class=\"elementor-element elementor-element-d44688d elementor-widget elementor-widget-text-editor\" data-id=\"d44688d\" data-element_type=\"widget\" data-e-type=\"widget\" data-widget_type=\"text-editor.default\">\n\t\t\t\t<div class=\"elementor-widget-container\">\n\t\t\t\t\t\t\t\t\t<p>Top priority shall be given in order to avoid monthsture absorption and therefore mortar must be stored in a cool, dry, ventilated indoor warehouse.<\/p><p>\u00a0<\/p><p><b><u>We recommend to store accordingly to the following features:<\/u><\/b><\/p><p class=\"translation-block\">- Ambient temperature 10\u00b0C to 25\u00b0C\n<br>- Relative low atmospheric humidity\n<br>- Protect from freezing<\/p><p>Under these conditions the mortar is supposed to have a shelf-life of about 1 year for a not opened bucket.<\/p><p>\u00a0<\/p><p><b><u>Additional information:<\/u><\/b><\/p><p>- After some storage time, decanting may occur due to the density of different raw materials. Do not throw the liquid on the surface of the product. A remix is necessary to the original homogeneity of the product.<\/p><p>- The user should however check that the fluidity of the product always corresponds to the desired use. The product is ready to use and does not require addition water.<\/p><p>- Use a clean, dry mixer and remix from the bottom periphery of the bucket with a helical movement to rise to the surface and center of the bucket. Repeat the movement several times until obtaining the original consistency. Do not mix product from several buckets.<\/p>\t\t\t\t\t\t\t\t<\/div>\n\t\t\t\t<\/div>\n\t\t\t\t\t<\/div>\n\t\t<\/div>\n\t\t\t\t\t<\/div>\n\t\t<\/section>\n\t\t\t\t<section class=\"elementor-section elementor-top-section elementor-element elementor-element-14a5681 elementor-section-boxed elementor-section-height-default elementor-section-height-default\" data-id=\"14a5681\" data-element_type=\"section\" data-e-type=\"section\" data-settings=\"{&quot;_ha_eqh_enable&quot;:false}\">\n\t\t\t\t\t\t<div class=\"elementor-container elementor-column-gap-default\">\n\t\t\t\t\t<div class=\"elementor-column elementor-col-100 elementor-top-column elementor-element elementor-element-046bf1f\" data-id=\"046bf1f\" data-element_type=\"column\" data-e-type=\"column\">\n\t\t\t<div class=\"elementor-widget-wrap elementor-element-populated\">\n\t\t\t\t\t\t<div class=\"elementor-element elementor-element-dc37d5b elementor-widget elementor-widget-spacer\" data-id=\"dc37d5b\" data-element_type=\"widget\" data-e-type=\"widget\" data-widget_type=\"spacer.default\">\n\t\t\t\t<div class=\"elementor-widget-container\">\n\t\t\t\t\t\t\t<div class=\"elementor-spacer\">\n\t\t\t<div class=\"elementor-spacer-inner\"><\/div>\n\t\t<\/div>\n\t\t\t\t\t\t<\/div>\n\t\t\t\t<\/div>\n\t\t\t\t\t<\/div>\n\t\t<\/div>\n\t\t\t\t\t<\/div>\n\t\t<\/section>\n\t\t\t\t<\/div>","protected":false},"excerpt":{"rendered":"<p>Le ciment doit \u00eatre stock\u00e9 dans un entrep\u00f4t int\u00e9rieur frais, sec et ventil\u00e9. Nous vous recommandons de stocker votre ciment de la mani\u00e8re suivante : &#8211; Temp\u00e9rature ambiante 10 \u00b0 C \u00e0 25 \u00b0 C &#8211; Humidit\u00e9 atmosph\u00e9rique relativement basse &#8211; Prot\u00e9ger du gel Dans ces conditions, le ciment est cens\u00e9 avoir une dur\u00e9e de&hellip;&nbsp;<a href=\"https:\/\/tellus-ing.com\/en\/fiches-conseils\/\" rel=\"bookmark\">Read More &raquo;<span class=\"screen-reader-text\">Advice sheet : Cement Storage instruction<\/span><\/a><\/p>","protected":false},"author":1,"featured_media":0,"parent":0,"menu_order":0,"comment_status":"closed","ping_status":"closed","template":"","meta":{"sfsi_plus_gutenberg_text_before_share":"","sfsi_plus_gutenberg_show_text_before_share":"","sfsi_plus_gutenberg_icon_type":"","sfsi_plus_gutenberg_icon_alignemt":"","sfsi_plus_gutenburg_max_per_row":"","neve_meta_sidebar":"","neve_meta_container":"","neve_meta_enable_content_width":"","neve_meta_content_width":70,"neve_meta_title_alignment":"","neve_meta_author_avatar":"","neve_post_elements_order":"","neve_meta_disable_header":"","neve_meta_disable_footer":"","neve_meta_disable_title":"","footnotes":""},"class_list":["post-761","page","type-page","status-publish","hentry"],"yoast_head":"<!-- This site is optimized with the Yoast SEO plugin v27.0 - https:\/\/yoast.com\/product\/yoast-seo-wordpress\/ -->\n<title>Instruction de stockage pour ciment r\u00e9fractaire - Tellus Ceram<\/title>\n<meta name=\"robots\" content=\"index, follow, max-snippet:-1, max-image-preview:large, max-video-preview:-1\" \/>\n<link rel=\"canonical\" href=\"https:\/\/tellus-ing.com\/en\/fiches-conseils\/\" \/>\n<meta property=\"og:locale\" content=\"en_GB\" \/>\n<meta property=\"og:type\" content=\"article\" \/>\n<meta property=\"og:title\" content=\"Instruction de stockage pour ciment r\u00e9fractaire - Tellus Ceram\" \/>\n<meta property=\"og:description\" content=\"Le ciment doit \u00eatre stock\u00e9 dans un entrep\u00f4t int\u00e9rieur frais, sec et ventil\u00e9. Nous vous recommandons de stocker votre ciment de la mani\u00e8re suivante : &#8211; Temp\u00e9rature ambiante 10 \u00b0 C \u00e0 25 \u00b0 C &#8211; Humidit\u00e9 atmosph\u00e9rique relativement basse &#8211; Prot\u00e9ger du gel Dans ces conditions, le ciment est cens\u00e9 avoir une dur\u00e9e de&hellip;&nbsp;Read More &raquo;Instruction de stockage pour ciment r\u00e9fractaire\" \/>\n<meta property=\"og:url\" content=\"https:\/\/tellus-ing.com\/en\/fiches-conseils\/\" \/>\n<meta property=\"og:site_name\" content=\"Tellus Ceram\" \/>\n<meta property=\"article:modified_time\" content=\"2019-05-29T12:14:04+00:00\" \/>\n<meta name=\"twitter:card\" content=\"summary_large_image\" \/>\n<meta name=\"twitter:label1\" content=\"Estimated reading time\" \/>\n\t<meta name=\"twitter:data1\" content=\"1 minute\" \/>\n<script type=\"application\/ld+json\" class=\"yoast-schema-graph\">{\"@context\":\"https:\/\/schema.org\",\"@graph\":[{\"@type\":\"WebPage\",\"@id\":\"https:\/\/tellus-ing.com\/fiches-conseils\/\",\"url\":\"https:\/\/tellus-ing.com\/fiches-conseils\/\",\"name\":\"Instruction de stockage pour ciment r\u00e9fractaire - Tellus Ceram\",\"isPartOf\":{\"@id\":\"http:\/\/tellus-ing.com\/#website\"},\"datePublished\":\"2019-03-14T18:21:44+00:00\",\"dateModified\":\"2019-05-29T12:14:04+00:00\",\"breadcrumb\":{\"@id\":\"https:\/\/tellus-ing.com\/fiches-conseils\/#breadcrumb\"},\"inLanguage\":\"en-GB\",\"potentialAction\":[{\"@type\":\"ReadAction\",\"target\":[\"https:\/\/tellus-ing.com\/fiches-conseils\/\"]}]},{\"@type\":\"BreadcrumbList\",\"@id\":\"https:\/\/tellus-ing.com\/fiches-conseils\/#breadcrumb\",\"itemListElement\":[{\"@type\":\"ListItem\",\"position\":1,\"name\":\"Accueil\",\"item\":\"http:\/\/tellus-ing.com\/\"},{\"@type\":\"ListItem\",\"position\":2,\"name\":\"Instruction de stockage pour ciment r\u00e9fractaire\"}]},{\"@type\":\"WebSite\",\"@id\":\"http:\/\/tellus-ing.com\/#website\",\"url\":\"http:\/\/tellus-ing.com\/\",\"name\":\"Tellus Ceram\",\"description\":\"\",\"publisher\":{\"@id\":\"http:\/\/tellus-ing.com\/#organization\"},\"potentialAction\":[{\"@type\":\"SearchAction\",\"target\":{\"@type\":\"EntryPoint\",\"urlTemplate\":\"http:\/\/tellus-ing.com\/?s={search_term_string}\"},\"query-input\":{\"@type\":\"PropertyValueSpecification\",\"valueRequired\":true,\"valueName\":\"search_term_string\"}}],\"inLanguage\":\"en-GB\"},{\"@type\":\"Organization\",\"@id\":\"http:\/\/tellus-ing.com\/#organization\",\"name\":\"Tellus Ceram\",\"url\":\"http:\/\/tellus-ing.com\/\",\"logo\":{\"@type\":\"ImageObject\",\"inLanguage\":\"en-GB\",\"@id\":\"http:\/\/tellus-ing.com\/#\/schema\/logo\/image\/\",\"url\":\"https:\/\/tellus-ing.com\/wp-content\/uploads\/2019\/03\/cropped-LOGO-TELLUS-CERAM-1-1.png\",\"contentUrl\":\"https:\/\/tellus-ing.com\/wp-content\/uploads\/2019\/03\/cropped-LOGO-TELLUS-CERAM-1-1.png\",\"width\":572,\"height\":268,\"caption\":\"Tellus Ceram\"},\"image\":{\"@id\":\"http:\/\/tellus-ing.com\/#\/schema\/logo\/image\/\"}}]}<\/script>\n<!-- \/ Yoast SEO plugin. -->","yoast_head_json":{"title":"Instruction de stockage pour ciment r\u00e9fractaire - Tellus Ceram","robots":{"index":"index","follow":"follow","max-snippet":"max-snippet:-1","max-image-preview":"max-image-preview:large","max-video-preview":"max-video-preview:-1"},"canonical":"https:\/\/tellus-ing.com\/en\/fiches-conseils\/","og_locale":"en_GB","og_type":"article","og_title":"Instruction de stockage pour ciment r\u00e9fractaire - Tellus Ceram","og_description":"Le ciment doit \u00eatre stock\u00e9 dans un entrep\u00f4t int\u00e9rieur frais, sec et ventil\u00e9. Nous vous recommandons de stocker votre ciment de la mani\u00e8re suivante : &#8211; Temp\u00e9rature ambiante 10 \u00b0 C \u00e0 25 \u00b0 C &#8211; Humidit\u00e9 atmosph\u00e9rique relativement basse &#8211; Prot\u00e9ger du gel Dans ces conditions, le ciment est cens\u00e9 avoir une dur\u00e9e de&hellip;&nbsp;Read More &raquo;Instruction de stockage pour ciment r\u00e9fractaire","og_url":"https:\/\/tellus-ing.com\/en\/fiches-conseils\/","og_site_name":"Tellus Ceram","article_modified_time":"2019-05-29T12:14:04+00:00","twitter_card":"summary_large_image","twitter_misc":{"Estimated reading time":"1 minute"},"schema":{"@context":"https:\/\/schema.org","@graph":[{"@type":"WebPage","@id":"https:\/\/tellus-ing.com\/fiches-conseils\/","url":"https:\/\/tellus-ing.com\/fiches-conseils\/","name":"Instruction de stockage pour ciment r\u00e9fractaire - Tellus Ceram","isPartOf":{"@id":"http:\/\/tellus-ing.com\/#website"},"datePublished":"2019-03-14T18:21:44+00:00","dateModified":"2019-05-29T12:14:04+00:00","breadcrumb":{"@id":"https:\/\/tellus-ing.com\/fiches-conseils\/#breadcrumb"},"inLanguage":"en-GB","potentialAction":[{"@type":"ReadAction","target":["https:\/\/tellus-ing.com\/fiches-conseils\/"]}]},{"@type":"BreadcrumbList","@id":"https:\/\/tellus-ing.com\/fiches-conseils\/#breadcrumb","itemListElement":[{"@type":"ListItem","position":1,"name":"Accueil","item":"http:\/\/tellus-ing.com\/"},{"@type":"ListItem","position":2,"name":"Instruction de stockage pour ciment r\u00e9fractaire"}]},{"@type":"WebSite","@id":"http:\/\/tellus-ing.com\/#website","url":"http:\/\/tellus-ing.com\/","name":"Tellus Ceram","description":"","publisher":{"@id":"http:\/\/tellus-ing.com\/#organization"},"potentialAction":[{"@type":"SearchAction","target":{"@type":"EntryPoint","urlTemplate":"http:\/\/tellus-ing.com\/?s={search_term_string}"},"query-input":{"@type":"PropertyValueSpecification","valueRequired":true,"valueName":"search_term_string"}}],"inLanguage":"en-GB"},{"@type":"Organization","@id":"http:\/\/tellus-ing.com\/#organization","name":"Tellus Ceram","url":"http:\/\/tellus-ing.com\/","logo":{"@type":"ImageObject","inLanguage":"en-GB","@id":"http:\/\/tellus-ing.com\/#\/schema\/logo\/image\/","url":"https:\/\/tellus-ing.com\/wp-content\/uploads\/2019\/03\/cropped-LOGO-TELLUS-CERAM-1-1.png","contentUrl":"https:\/\/tellus-ing.com\/wp-content\/uploads\/2019\/03\/cropped-LOGO-TELLUS-CERAM-1-1.png","width":572,"height":268,"caption":"Tellus Ceram"},"image":{"@id":"http:\/\/tellus-ing.com\/#\/schema\/logo\/image\/"}}]}},"_links":{"self":[{"href":"https:\/\/tellus-ing.com\/en\/wp-json\/wp\/v2\/pages\/761","targetHints":{"allow":["GET"]}}],"collection":[{"href":"https:\/\/tellus-ing.com\/en\/wp-json\/wp\/v2\/pages"}],"about":[{"href":"https:\/\/tellus-ing.com\/en\/wp-json\/wp\/v2\/types\/page"}],"author":[{"embeddable":true,"href":"https:\/\/tellus-ing.com\/en\/wp-json\/wp\/v2\/users\/1"}],"replies":[{"embeddable":true,"href":"https:\/\/tellus-ing.com\/en\/wp-json\/wp\/v2\/comments?post=761"}],"version-history":[{"count":8,"href":"https:\/\/tellus-ing.com\/en\/wp-json\/wp\/v2\/pages\/761\/revisions"}],"predecessor-version":[{"id":1668,"href":"https:\/\/tellus-ing.com\/en\/wp-json\/wp\/v2\/pages\/761\/revisions\/1668"}],"wp:attachment":[{"href":"https:\/\/tellus-ing.com\/en\/wp-json\/wp\/v2\/media?parent=761"}],"curies":[{"name":"wp","href":"https:\/\/api.w.org\/{rel}","templated":true}]}}