{"id":758,"date":"2019-03-14T19:20:53","date_gmt":"2019-03-14T18:20:53","guid":{"rendered":"http:\/\/tellus-ing.com\/?page_id=758"},"modified":"2019-05-29T15:07:26","modified_gmt":"2019-05-29T13:07:26","slug":"mise-en-oeuvre-beton","status":"publish","type":"page","link":"https:\/\/tellus-ing.com\/en\/mise-en-oeuvre-beton\/","title":{"rendered":"Advices for the implementation of castables"},"content":{"rendered":"<div data-elementor-type=\"wp-post\" data-elementor-id=\"758\" class=\"elementor elementor-758\" data-elementor-settings=\"{&quot;ha_cmc_init_switcher&quot;:&quot;no&quot;}\">\n\t\t\t\t\t\t<section class=\"elementor-section elementor-top-section elementor-element elementor-element-a03733a elementor-section-boxed elementor-section-height-default elementor-section-height-default\" data-id=\"a03733a\" data-element_type=\"section\" data-e-type=\"section\" data-settings=\"{&quot;_ha_eqh_enable&quot;:false}\">\n\t\t\t\t\t\t<div class=\"elementor-container elementor-column-gap-default\">\n\t\t\t\t\t<div class=\"elementor-column elementor-col-100 elementor-top-column elementor-element elementor-element-586304f\" data-id=\"586304f\" data-element_type=\"column\" data-e-type=\"column\">\n\t\t\t<div class=\"elementor-widget-wrap elementor-element-populated\">\n\t\t\t\t\t\t<div class=\"elementor-element elementor-element-401ffee elementor-widget elementor-widget-text-editor\" data-id=\"401ffee\" data-element_type=\"widget\" data-e-type=\"widget\" data-widget_type=\"text-editor.default\">\n\t\t\t\t<div class=\"elementor-widget-container\">\n\t\t\t\t\t\t\t\t\t<p>\u00a0<\/p><p><i><b>Advices for the implementation of refractory dense castables by casting \/ vibration<\/b><\/i><\/p><p>TELLUS-CERAM's dense refractory castables are manufactured using carefully selected raw materials and under conditions that guarantee their quality.<br \/>Their performance will be good only if their implementation is carried out respecting essential conditions for the optimal development of their characteristics.<\/p><p>\u00a0<\/p><p><b><u>1 &#8211; CONSERVATION<\/u><\/b><\/p><p>TELLUS-CERAM's dense refractory castables, like all hydraulic castables, must be stored in a dry place. Under these conditions, they can be kept for at least 6 months without alteration.<\/p><p>Never use concrete if, at the opening of the bag, hard agglomerates are present.<\/p><p>\u00a0<\/p><p><b><u>2 - PREPARATION OF CASTABLE<\/u><\/b><\/p><p>In any case, use only very clean equipment.<br \/>Whenever possible, work with a whole number of bags, without adding anything other than the mixing water.<\/p><p>&#8211; <u>Quality of the water<\/u><br \/>The mixing water must be clean and potable, and its temperature preferably between 15 and 25 \u00b0 C. In cold weather, however, it may be necessary to use warmer water, so that the temperature of the concrete \/ water mixture is at least 15 \u00b0 C.<\/p><p>&#8211; <u>Amount of water<\/u><br \/>The amount of water to add is indicated on the packaging. To optimize it, practice the so-called \"ball in hand\" test, or better, vibrate a small amount of product.<br \/>Overdose of water should be avoided, especially for castables with low and very low cement content. These castables are apparently dry at rest, but the vibration makes them very mobile.<\/p><p>&#8211; <u>Mixing<\/u><br \/>For mechanical mixing, use a mixer with vertical axis (forbid concrete mixer). Clean and moisten the mixer before starting work.<br \/>Before adding water, quickly mix the concrete by running the mixer for a few seconds to dry.<br \/>Then introduce three quarters of the necessary water, then gradually add the rest of the water until the desired consistency.<br \/>Mix for a long time, at least three minutes: mixing too short will require a higher water addition, adversely affecting the mechanical properties of the concrete.<\/p><p>\u00a0<\/p><p><b><u>3 - INSTALLATION OF CASTABLE<\/u><\/b><\/p><div>&#8211; <u>Preparation<\/u><br \/>Molds and formwork must be carefully waterproofed (using grease, paraffin, polyethylene sheets, etc.) so that the castable can not be deprived locally of the water necessary for its hydraulic setting.<\/div><div>\u00a0<\/div><div>&#8211; <u>Setting up<\/u><br \/>Castable must be poured and vibrated simultaneously, using external vibrators or vibrating needles.<br \/>It is not recommended to vibrate too much. The passage of the free surface of the concrete from a matt aspect to a shiny aspect indicates a maximum densification.<br \/>Avoid smoothing with a trowel.<br \/>The setting up of a mixer load must be completed 30 minutes after the end of mixing.<\/div><div>\u00a0<\/div><div>\u00a0<\/div><div><b><u>4 - DRYING AND COOKING<\/u><\/b><\/div><div>\u00a0<\/div><div>Formwork can be removed after 8 to 12 hours of hardening. In principle, keep the castable in a humid atmosphere at room temperature for at least 24 hours after curing.<br \/>The heating must be carried out taking into account the thickness and volume of the castable to be treated, each lining being a special case.<\/div><div>\u00a0<\/div><div>For common masonry, with a thickness of about 250 mm, and under normal conditions of evacuation of water vapor, drying and cooking will be conducted by raising the temperature:<br \/>- up to 600 \u00b0 C at a rate of 30 \u00b0 C \/ hour, respecting two stages of 6 hours at 150 and 400 \u00b0 C,<br \/>- above 600 \u00b0 C to 50 \u00b0 C \/ hour.<\/div><div>\u00a0<\/div><div>\u00a0<\/div><div><b><i>\u00a0For any additional information, or for the examination of particular cases, our technicians are at your disposal.<\/i><\/b><\/div>\t\t\t\t\t\t\t\t<\/div>\n\t\t\t\t<\/div>\n\t\t\t\t<div class=\"elementor-element elementor-element-3b7fa4b elementor-widget elementor-widget-spacer\" data-id=\"3b7fa4b\" data-element_type=\"widget\" data-e-type=\"widget\" data-widget_type=\"spacer.default\">\n\t\t\t\t<div class=\"elementor-widget-container\">\n\t\t\t\t\t\t\t<div class=\"elementor-spacer\">\n\t\t\t<div class=\"elementor-spacer-inner\"><\/div>\n\t\t<\/div>\n\t\t\t\t\t\t<\/div>\n\t\t\t\t<\/div>\n\t\t\t\t\t<\/div>\n\t\t<\/div>\n\t\t\t\t\t<\/div>\n\t\t<\/section>\n\t\t\t\t<\/div>","protected":false},"excerpt":{"rendered":"<p>CONSEILS POUR LA MISE EN \u0152UVRE DES B\u00c9TONS R\u00c9FRACTAIRES DENSES PAR COULAGE \/ VIBRATION Les b\u00e9tons r\u00e9fractaires denses de TELLUS-CERAM sont fabriqu\u00e9s \u00e0 l&rsquo;aide de mati\u00e8res premi\u00e8res soigneusement s\u00e9lectionn\u00e9es et dans des conditions propres \u00e0 garantir leur qualit\u00e9. Leur performance ne sera toutefois la meilleure possible que si leur mise en \u0153uvre est effectu\u00e9e en&hellip;&nbsp;<a href=\"https:\/\/tellus-ing.com\/en\/mise-en-oeuvre-beton\/\" rel=\"bookmark\">Read More &raquo;<span class=\"screen-reader-text\">Advices for the implementation of castables<\/span><\/a><\/p>","protected":false},"author":1,"featured_media":0,"parent":0,"menu_order":0,"comment_status":"closed","ping_status":"closed","template":"","meta":{"sfsi_plus_gutenberg_text_before_share":"","sfsi_plus_gutenberg_show_text_before_share":"","sfsi_plus_gutenberg_icon_type":"","sfsi_plus_gutenberg_icon_alignemt":"","sfsi_plus_gutenburg_max_per_row":"","neve_meta_sidebar":"","neve_meta_container":"","neve_meta_enable_content_width":"","neve_meta_content_width":70,"neve_meta_title_alignment":"","neve_meta_author_avatar":"","neve_post_elements_order":"","neve_meta_disable_header":"","neve_meta_disable_footer":"","neve_meta_disable_title":"","footnotes":""},"class_list":["post-758","page","type-page","status-publish","hentry"],"yoast_head":"<!-- This site is optimized with the Yoast SEO plugin v27.0 - https:\/\/yoast.com\/product\/yoast-seo-wordpress\/ -->\n<title>Conseils pour la mise en \u0153uvre du b\u00e9ton - Tellus Ceram<\/title>\n<meta name=\"robots\" content=\"index, follow, max-snippet:-1, max-image-preview:large, max-video-preview:-1\" \/>\n<link rel=\"canonical\" href=\"https:\/\/tellus-ing.com\/en\/mise-en-oeuvre-beton\/\" \/>\n<meta property=\"og:locale\" content=\"en_GB\" \/>\n<meta property=\"og:type\" content=\"article\" \/>\n<meta property=\"og:title\" content=\"Conseils pour la mise en \u0153uvre du b\u00e9ton - Tellus Ceram\" \/>\n<meta property=\"og:description\" content=\"CONSEILS POUR LA MISE EN \u0152UVRE DES B\u00c9TONS R\u00c9FRACTAIRES DENSES PAR COULAGE \/ VIBRATION Les b\u00e9tons r\u00e9fractaires denses de TELLUS-CERAM sont fabriqu\u00e9s \u00e0 l&rsquo;aide de mati\u00e8res premi\u00e8res soigneusement s\u00e9lectionn\u00e9es et dans des conditions propres \u00e0 garantir leur qualit\u00e9. Leur performance ne sera toutefois la meilleure possible que si leur mise en \u0153uvre est effectu\u00e9e en&hellip;&nbsp;Read More &raquo;Conseils pour la mise en \u0153uvre du b\u00e9ton\" \/>\n<meta property=\"og:url\" content=\"https:\/\/tellus-ing.com\/en\/mise-en-oeuvre-beton\/\" \/>\n<meta property=\"og:site_name\" content=\"Tellus Ceram\" \/>\n<meta property=\"article:modified_time\" content=\"2019-05-29T13:07:26+00:00\" \/>\n<meta name=\"twitter:card\" content=\"summary_large_image\" \/>\n<meta name=\"twitter:label1\" content=\"Estimated reading time\" \/>\n\t<meta name=\"twitter:data1\" content=\"3 minutes\" \/>\n<script type=\"application\/ld+json\" class=\"yoast-schema-graph\">{\"@context\":\"https:\/\/schema.org\",\"@graph\":[{\"@type\":\"WebPage\",\"@id\":\"https:\/\/tellus-ing.com\/mise-en-oeuvre-beton\/\",\"url\":\"https:\/\/tellus-ing.com\/mise-en-oeuvre-beton\/\",\"name\":\"Conseils pour la mise en \u0153uvre du b\u00e9ton - Tellus Ceram\",\"isPartOf\":{\"@id\":\"http:\/\/tellus-ing.com\/#website\"},\"datePublished\":\"2019-03-14T18:20:53+00:00\",\"dateModified\":\"2019-05-29T13:07:26+00:00\",\"breadcrumb\":{\"@id\":\"https:\/\/tellus-ing.com\/mise-en-oeuvre-beton\/#breadcrumb\"},\"inLanguage\":\"en-GB\",\"potentialAction\":[{\"@type\":\"ReadAction\",\"target\":[\"https:\/\/tellus-ing.com\/mise-en-oeuvre-beton\/\"]}]},{\"@type\":\"BreadcrumbList\",\"@id\":\"https:\/\/tellus-ing.com\/mise-en-oeuvre-beton\/#breadcrumb\",\"itemListElement\":[{\"@type\":\"ListItem\",\"position\":1,\"name\":\"Accueil\",\"item\":\"http:\/\/tellus-ing.com\/\"},{\"@type\":\"ListItem\",\"position\":2,\"name\":\"Conseils pour la mise en \u0153uvre du b\u00e9ton\"}]},{\"@type\":\"WebSite\",\"@id\":\"http:\/\/tellus-ing.com\/#website\",\"url\":\"http:\/\/tellus-ing.com\/\",\"name\":\"Tellus Ceram\",\"description\":\"\",\"publisher\":{\"@id\":\"http:\/\/tellus-ing.com\/#organization\"},\"potentialAction\":[{\"@type\":\"SearchAction\",\"target\":{\"@type\":\"EntryPoint\",\"urlTemplate\":\"http:\/\/tellus-ing.com\/?s={search_term_string}\"},\"query-input\":{\"@type\":\"PropertyValueSpecification\",\"valueRequired\":true,\"valueName\":\"search_term_string\"}}],\"inLanguage\":\"en-GB\"},{\"@type\":\"Organization\",\"@id\":\"http:\/\/tellus-ing.com\/#organization\",\"name\":\"Tellus Ceram\",\"url\":\"http:\/\/tellus-ing.com\/\",\"logo\":{\"@type\":\"ImageObject\",\"inLanguage\":\"en-GB\",\"@id\":\"http:\/\/tellus-ing.com\/#\/schema\/logo\/image\/\",\"url\":\"https:\/\/tellus-ing.com\/wp-content\/uploads\/2019\/03\/cropped-LOGO-TELLUS-CERAM-1-1.png\",\"contentUrl\":\"https:\/\/tellus-ing.com\/wp-content\/uploads\/2019\/03\/cropped-LOGO-TELLUS-CERAM-1-1.png\",\"width\":572,\"height\":268,\"caption\":\"Tellus Ceram\"},\"image\":{\"@id\":\"http:\/\/tellus-ing.com\/#\/schema\/logo\/image\/\"}}]}<\/script>\n<!-- \/ Yoast SEO plugin. -->","yoast_head_json":{"title":"Conseils pour la mise en \u0153uvre du b\u00e9ton - Tellus Ceram","robots":{"index":"index","follow":"follow","max-snippet":"max-snippet:-1","max-image-preview":"max-image-preview:large","max-video-preview":"max-video-preview:-1"},"canonical":"https:\/\/tellus-ing.com\/en\/mise-en-oeuvre-beton\/","og_locale":"en_GB","og_type":"article","og_title":"Conseils pour la mise en \u0153uvre du b\u00e9ton - Tellus Ceram","og_description":"CONSEILS POUR LA MISE EN \u0152UVRE DES B\u00c9TONS R\u00c9FRACTAIRES DENSES PAR COULAGE \/ VIBRATION Les b\u00e9tons r\u00e9fractaires denses de TELLUS-CERAM sont fabriqu\u00e9s \u00e0 l&rsquo;aide de mati\u00e8res premi\u00e8res soigneusement s\u00e9lectionn\u00e9es et dans des conditions propres \u00e0 garantir leur qualit\u00e9. Leur performance ne sera toutefois la meilleure possible que si leur mise en \u0153uvre est effectu\u00e9e en&hellip;&nbsp;Read More &raquo;Conseils pour la mise en \u0153uvre du b\u00e9ton","og_url":"https:\/\/tellus-ing.com\/en\/mise-en-oeuvre-beton\/","og_site_name":"Tellus Ceram","article_modified_time":"2019-05-29T13:07:26+00:00","twitter_card":"summary_large_image","twitter_misc":{"Estimated reading time":"3 minutes"},"schema":{"@context":"https:\/\/schema.org","@graph":[{"@type":"WebPage","@id":"https:\/\/tellus-ing.com\/mise-en-oeuvre-beton\/","url":"https:\/\/tellus-ing.com\/mise-en-oeuvre-beton\/","name":"Conseils pour la mise en \u0153uvre du b\u00e9ton - Tellus Ceram","isPartOf":{"@id":"http:\/\/tellus-ing.com\/#website"},"datePublished":"2019-03-14T18:20:53+00:00","dateModified":"2019-05-29T13:07:26+00:00","breadcrumb":{"@id":"https:\/\/tellus-ing.com\/mise-en-oeuvre-beton\/#breadcrumb"},"inLanguage":"en-GB","potentialAction":[{"@type":"ReadAction","target":["https:\/\/tellus-ing.com\/mise-en-oeuvre-beton\/"]}]},{"@type":"BreadcrumbList","@id":"https:\/\/tellus-ing.com\/mise-en-oeuvre-beton\/#breadcrumb","itemListElement":[{"@type":"ListItem","position":1,"name":"Accueil","item":"http:\/\/tellus-ing.com\/"},{"@type":"ListItem","position":2,"name":"Conseils pour la mise en \u0153uvre du b\u00e9ton"}]},{"@type":"WebSite","@id":"http:\/\/tellus-ing.com\/#website","url":"http:\/\/tellus-ing.com\/","name":"Tellus Ceram","description":"","publisher":{"@id":"http:\/\/tellus-ing.com\/#organization"},"potentialAction":[{"@type":"SearchAction","target":{"@type":"EntryPoint","urlTemplate":"http:\/\/tellus-ing.com\/?s={search_term_string}"},"query-input":{"@type":"PropertyValueSpecification","valueRequired":true,"valueName":"search_term_string"}}],"inLanguage":"en-GB"},{"@type":"Organization","@id":"http:\/\/tellus-ing.com\/#organization","name":"Tellus Ceram","url":"http:\/\/tellus-ing.com\/","logo":{"@type":"ImageObject","inLanguage":"en-GB","@id":"http:\/\/tellus-ing.com\/#\/schema\/logo\/image\/","url":"https:\/\/tellus-ing.com\/wp-content\/uploads\/2019\/03\/cropped-LOGO-TELLUS-CERAM-1-1.png","contentUrl":"https:\/\/tellus-ing.com\/wp-content\/uploads\/2019\/03\/cropped-LOGO-TELLUS-CERAM-1-1.png","width":572,"height":268,"caption":"Tellus Ceram"},"image":{"@id":"http:\/\/tellus-ing.com\/#\/schema\/logo\/image\/"}}]}},"_links":{"self":[{"href":"https:\/\/tellus-ing.com\/en\/wp-json\/wp\/v2\/pages\/758","targetHints":{"allow":["GET"]}}],"collection":[{"href":"https:\/\/tellus-ing.com\/en\/wp-json\/wp\/v2\/pages"}],"about":[{"href":"https:\/\/tellus-ing.com\/en\/wp-json\/wp\/v2\/types\/page"}],"author":[{"embeddable":true,"href":"https:\/\/tellus-ing.com\/en\/wp-json\/wp\/v2\/users\/1"}],"replies":[{"embeddable":true,"href":"https:\/\/tellus-ing.com\/en\/wp-json\/wp\/v2\/comments?post=758"}],"version-history":[{"count":6,"href":"https:\/\/tellus-ing.com\/en\/wp-json\/wp\/v2\/pages\/758\/revisions"}],"predecessor-version":[{"id":1674,"href":"https:\/\/tellus-ing.com\/en\/wp-json\/wp\/v2\/pages\/758\/revisions\/1674"}],"wp:attachment":[{"href":"https:\/\/tellus-ing.com\/en\/wp-json\/wp\/v2\/media?parent=758"}],"curies":[{"name":"wp","href":"https:\/\/api.w.org\/{rel}","templated":true}]}}