{"id":749,"date":"2019-03-14T19:18:27","date_gmt":"2019-03-14T18:18:27","guid":{"rendered":"http:\/\/tellus-ing.com\/?page_id=749"},"modified":"2024-04-19T09:52:23","modified_gmt":"2024-04-19T07:52:23","slug":"notre-brochure","status":"publish","type":"page","link":"https:\/\/tellus-ing.com\/en\/notre-brochure\/","title":{"rendered":"The brochure"},"content":{"rendered":"<div data-elementor-type=\"wp-post\" data-elementor-id=\"749\" class=\"elementor elementor-749\" data-elementor-settings=\"{&quot;ha_cmc_init_switcher&quot;:&quot;no&quot;}\">\n\t\t\t\t\t\t<section class=\"elementor-section elementor-top-section elementor-element elementor-element-b305c5d elementor-section-boxed elementor-section-height-default elementor-section-height-default\" data-id=\"b305c5d\" data-element_type=\"section\" data-e-type=\"section\" data-settings=\"{&quot;_ha_eqh_enable&quot;:false}\">\n\t\t\t\t\t\t<div class=\"elementor-container elementor-column-gap-default\">\n\t\t\t\t\t<div class=\"elementor-column elementor-col-100 elementor-top-column elementor-element elementor-element-a6c1c42\" data-id=\"a6c1c42\" data-element_type=\"column\" data-e-type=\"column\">\n\t\t\t<div class=\"elementor-widget-wrap elementor-element-populated\">\n\t\t\t\t\t\t<div class=\"elementor-element elementor-element-bfb2e0b elementor-widget elementor-widget-text-editor\" data-id=\"bfb2e0b\" data-element_type=\"widget\" data-e-type=\"widget\" data-widget_type=\"text-editor.default\">\n\t\t\t\t<div class=\"elementor-widget-container\">\n\t\t\t\t\t\t\t\t\t<p>Consult the Tellus Ceram brochure online. You can also download it in PDF format by clicking on the link at the bottom of the image.<br><\/p>\n<p class=\"translation-block\">For any question or project, don't hesitate to <a href=\"https:\/\/tellus-ing.com\/en\/contact-tellus-ceram\/\" target=\"_self\">contact us<\/a>, Tellus Ceram team will help you.<\/p>\t\t\t\t\t\t\t\t<\/div>\n\t\t\t\t<\/div>\n\t\t\t\t<div class=\"elementor-element elementor-element-5ce4c0f elementor-widget elementor-widget-spacer\" data-id=\"5ce4c0f\" data-element_type=\"widget\" data-e-type=\"widget\" data-widget_type=\"spacer.default\">\n\t\t\t\t<div class=\"elementor-widget-container\">\n\t\t\t\t\t\t\t<div class=\"elementor-spacer\">\n\t\t\t<div class=\"elementor-spacer-inner\"><\/div>\n\t\t<\/div>\n\t\t\t\t\t\t<\/div>\n\t\t\t\t<\/div>\n\t\t\t\t<div class=\"elementor-element elementor-element-45f19d2 elementor-widget elementor-widget-heading\" data-id=\"45f19d2\" data-element_type=\"widget\" data-e-type=\"widget\" data-widget_type=\"heading.default\">\n\t\t\t\t<div class=\"elementor-widget-container\">\n\t\t\t\t\t<h2 class=\"elementor-heading-title elementor-size-default\">French version<\/h2>\t\t\t\t<\/div>\n\t\t\t\t<\/div>\n\t\t\t\t<div class=\"elementor-element elementor-element-46231c1 elementor-arrows-position-outside elementor-pagination-position-outside elementor-widget elementor-widget-image-carousel\" data-id=\"46231c1\" data-element_type=\"widget\" data-e-type=\"widget\" data-settings=\"{&quot;slides_to_show&quot;:&quot;1&quot;,&quot;autoplay&quot;:&quot;no&quot;,&quot;navigation&quot;:&quot;both&quot;,&quot;infinite&quot;:&quot;yes&quot;,&quot;effect&quot;:&quot;slide&quot;,&quot;speed&quot;:500}\" data-widget_type=\"image-carousel.default\">\n\t\t\t\t<div class=\"elementor-widget-container\">\n\t\t\t\t\t\t\t<div class=\"elementor-image-carousel-wrapper swiper\" role=\"region\" aria-roledescription=\"carousel\" aria-label=\"Image Carousel\" dir=\"ltr\" data-no-translation-aria-label=\"\">\n\t\t\t<div class=\"elementor-image-carousel swiper-wrapper\" aria-live=\"polite\">\n\t\t\t\t\t\t\t\t<div class=\"swiper-slide\" role=\"group\" aria-roledescription=\"slide\" aria-label=\"1 of 8\" data-no-translation-aria-label=\"\"><figure class=\"swiper-slide-inner\"><img decoding=\"async\" class=\"swiper-slide-image\" src=\"http:\/\/tellus-ing.com\/wp-content\/uploads\/2024\/04\/P1.png\" alt=\"P1\" \/><\/figure><\/div><div class=\"swiper-slide\" role=\"group\" aria-roledescription=\"slide\" aria-label=\"2 of 8\" data-no-translation-aria-label=\"\"><figure class=\"swiper-slide-inner\"><img decoding=\"async\" class=\"swiper-slide-image\" src=\"http:\/\/tellus-ing.com\/wp-content\/uploads\/2024\/04\/P2.png\" alt=\"P2\" \/><\/figure><\/div><div class=\"swiper-slide\" role=\"group\" aria-roledescription=\"slide\" aria-label=\"3 of 8\" data-no-translation-aria-label=\"\"><figure class=\"swiper-slide-inner\"><img decoding=\"async\" class=\"swiper-slide-image\" src=\"http:\/\/tellus-ing.com\/wp-content\/uploads\/2024\/04\/P3.png\" alt=\"P3\" \/><\/figure><\/div><div class=\"swiper-slide\" role=\"group\" aria-roledescription=\"slide\" aria-label=\"4 of 8\" data-no-translation-aria-label=\"\"><figure class=\"swiper-slide-inner\"><img decoding=\"async\" class=\"swiper-slide-image\" src=\"http:\/\/tellus-ing.com\/wp-content\/uploads\/2024\/04\/P4.png\" alt=\"P4\" \/><\/figure><\/div><div class=\"swiper-slide\" role=\"group\" aria-roledescription=\"slide\" aria-label=\"5 of 8\" data-no-translation-aria-label=\"\"><figure class=\"swiper-slide-inner\"><img decoding=\"async\" class=\"swiper-slide-image\" src=\"http:\/\/tellus-ing.com\/wp-content\/uploads\/2024\/04\/P5.png\" alt=\"P5\" \/><\/figure><\/div><div class=\"swiper-slide\" role=\"group\" aria-roledescription=\"slide\" aria-label=\"6 of 8\" data-no-translation-aria-label=\"\"><figure class=\"swiper-slide-inner\"><img decoding=\"async\" class=\"swiper-slide-image\" src=\"http:\/\/tellus-ing.com\/wp-content\/uploads\/2024\/04\/P6.png\" alt=\"P6\" \/><\/figure><\/div><div class=\"swiper-slide\" role=\"group\" aria-roledescription=\"slide\" aria-label=\"7 of 8\" data-no-translation-aria-label=\"\"><figure class=\"swiper-slide-inner\"><img decoding=\"async\" class=\"swiper-slide-image\" src=\"http:\/\/tellus-ing.com\/wp-content\/uploads\/2024\/04\/P7.png\" alt=\"P7\" \/><\/figure><\/div><div class=\"swiper-slide\" role=\"group\" aria-roledescription=\"slide\" aria-label=\"8 of 8\" data-no-translation-aria-label=\"\"><figure class=\"swiper-slide-inner\"><img decoding=\"async\" class=\"swiper-slide-image\" src=\"http:\/\/tellus-ing.com\/wp-content\/uploads\/2024\/04\/P8.png\" alt=\"P8\" \/><\/figure><\/div>\t\t\t<\/div>\n\t\t\t\t\t\t\t\t\t\t\t\t<div class=\"elementor-swiper-button elementor-swiper-button-prev\" role=\"button\" tabindex=\"0\">\n\t\t\t\t\t\t<i aria-hidden=\"true\" class=\"eicon-chevron-left\"><\/i>\t\t\t\t\t<\/div>\n\t\t\t\t\t<div class=\"elementor-swiper-button elementor-swiper-button-next\" role=\"button\" tabindex=\"0\">\n\t\t\t\t\t\t<i aria-hidden=\"true\" class=\"eicon-chevron-right\"><\/i>\t\t\t\t\t<\/div>\n\t\t\t\t\n\t\t\t\t\t\t\t\t\t<div class=\"swiper-pagination\"><\/div>\n\t\t\t\t\t\t\t\t\t<\/div>\n\t\t\t\t\t\t<\/div>\n\t\t\t\t<\/div>\n\t\t\t\t<div class=\"elementor-element elementor-element-4404900 elementor-widget elementor-widget-spacer\" data-id=\"4404900\" data-element_type=\"widget\" data-e-type=\"widget\" data-widget_type=\"spacer.default\">\n\t\t\t\t<div class=\"elementor-widget-container\">\n\t\t\t\t\t\t\t<div class=\"elementor-spacer\">\n\t\t\t<div class=\"elementor-spacer-inner\"><\/div>\n\t\t<\/div>\n\t\t\t\t\t\t<\/div>\n\t\t\t\t<\/div>\n\t\t\t\t<div class=\"elementor-element elementor-element-a3fc5fb elementor-align-center elementor-mobile-align-center elementor-widget elementor-widget-button\" data-id=\"a3fc5fb\" data-element_type=\"widget\" data-e-type=\"widget\" data-widget_type=\"button.default\">\n\t\t\t\t<div class=\"elementor-widget-container\">\n\t\t\t\t\t\t\t\t\t<div class=\"elementor-button-wrapper\">\n\t\t\t\t\t<a class=\"elementor-button elementor-button-link elementor-size-md\" href=\"https:\/\/tellus-ing.com\/wp-content\/uploads\/2024\/04\/Plaquette-TELLUS-CERAM-FRE.pdf\" target=\"_blank\">\n\t\t\t\t\t\t<span class=\"elementor-button-content-wrapper\">\n\t\t\t\t\t\t\t\t\t<span class=\"elementor-button-text\">Download the PDF brochure (French)<\/span>\n\t\t\t\t\t<\/span>\n\t\t\t\t\t<\/a>\n\t\t\t\t<\/div>\n\t\t\t\t\t\t\t\t<\/div>\n\t\t\t\t<\/div>\n\t\t\t\t<div class=\"elementor-element elementor-element-de01d2b elementor-widget elementor-widget-spacer\" data-id=\"de01d2b\" data-element_type=\"widget\" data-e-type=\"widget\" data-widget_type=\"spacer.default\">\n\t\t\t\t<div class=\"elementor-widget-container\">\n\t\t\t\t\t\t\t<div class=\"elementor-spacer\">\n\t\t\t<div class=\"elementor-spacer-inner\"><\/div>\n\t\t<\/div>\n\t\t\t\t\t\t<\/div>\n\t\t\t\t<\/div>\n\t\t\t\t<div class=\"elementor-element elementor-element-040e6d8 elementor-widget elementor-widget-heading\" data-id=\"040e6d8\" data-element_type=\"widget\" data-e-type=\"widget\" data-widget_type=\"heading.default\">\n\t\t\t\t<div class=\"elementor-widget-container\">\n\t\t\t\t\t<h2 class=\"elementor-heading-title elementor-size-default\">English Version<\/h2>\t\t\t\t<\/div>\n\t\t\t\t<\/div>\n\t\t\t\t<div class=\"elementor-element elementor-element-e930073 elementor-arrows-position-outside elementor-pagination-position-outside elementor-widget elementor-widget-image-carousel\" data-id=\"e930073\" data-element_type=\"widget\" data-e-type=\"widget\" data-settings=\"{&quot;slides_to_show&quot;:&quot;1&quot;,&quot;autoplay&quot;:&quot;no&quot;,&quot;navigation&quot;:&quot;both&quot;,&quot;infinite&quot;:&quot;yes&quot;,&quot;effect&quot;:&quot;slide&quot;,&quot;speed&quot;:500}\" data-widget_type=\"image-carousel.default\">\n\t\t\t\t<div class=\"elementor-widget-container\">\n\t\t\t\t\t\t\t<div class=\"elementor-image-carousel-wrapper swiper\" role=\"region\" aria-roledescription=\"carousel\" aria-label=\"Image Carousel\" dir=\"ltr\" data-no-translation-aria-label=\"\">\n\t\t\t<div class=\"elementor-image-carousel swiper-wrapper\" aria-live=\"polite\">\n\t\t\t\t\t\t\t\t<div class=\"swiper-slide\" role=\"group\" aria-roledescription=\"slide\" aria-label=\"1 of 8\" data-no-translation-aria-label=\"\"><figure class=\"swiper-slide-inner\"><img decoding=\"async\" class=\"swiper-slide-image\" src=\"http:\/\/tellus-ing.com\/wp-content\/uploads\/2024\/04\/PG1.png\" alt=\"PG1\" \/><\/figure><\/div><div class=\"swiper-slide\" role=\"group\" aria-roledescription=\"slide\" aria-label=\"2 of 8\" data-no-translation-aria-label=\"\"><figure class=\"swiper-slide-inner\"><img decoding=\"async\" class=\"swiper-slide-image\" src=\"http:\/\/tellus-ing.com\/wp-content\/uploads\/2024\/04\/PG2.png\" alt=\"PG2\" \/><\/figure><\/div><div class=\"swiper-slide\" role=\"group\" aria-roledescription=\"slide\" aria-label=\"3 of 8\" data-no-translation-aria-label=\"\"><figure class=\"swiper-slide-inner\"><img decoding=\"async\" class=\"swiper-slide-image\" src=\"http:\/\/tellus-ing.com\/wp-content\/uploads\/2024\/04\/PG3.png\" alt=\"PG3\" \/><\/figure><\/div><div class=\"swiper-slide\" role=\"group\" aria-roledescription=\"slide\" aria-label=\"4 of 8\" data-no-translation-aria-label=\"\"><figure class=\"swiper-slide-inner\"><img decoding=\"async\" class=\"swiper-slide-image\" src=\"http:\/\/tellus-ing.com\/wp-content\/uploads\/2024\/04\/PG4.png\" alt=\"PG4\" \/><\/figure><\/div><div class=\"swiper-slide\" role=\"group\" aria-roledescription=\"slide\" aria-label=\"5 of 8\" data-no-translation-aria-label=\"\"><figure class=\"swiper-slide-inner\"><img decoding=\"async\" class=\"swiper-slide-image\" src=\"http:\/\/tellus-ing.com\/wp-content\/uploads\/2024\/04\/PG5.png\" alt=\"PG5\" \/><\/figure><\/div><div class=\"swiper-slide\" role=\"group\" aria-roledescription=\"slide\" aria-label=\"6 of 8\" data-no-translation-aria-label=\"\"><figure class=\"swiper-slide-inner\"><img decoding=\"async\" class=\"swiper-slide-image\" src=\"http:\/\/tellus-ing.com\/wp-content\/uploads\/2024\/04\/PG6.png\" alt=\"PG6\" \/><\/figure><\/div><div class=\"swiper-slide\" role=\"group\" aria-roledescription=\"slide\" aria-label=\"7 of 8\" data-no-translation-aria-label=\"\"><figure class=\"swiper-slide-inner\"><img decoding=\"async\" class=\"swiper-slide-image\" src=\"http:\/\/tellus-ing.com\/wp-content\/uploads\/2024\/04\/PG7.png\" alt=\"PG7\" \/><\/figure><\/div><div class=\"swiper-slide\" role=\"group\" aria-roledescription=\"slide\" aria-label=\"8 of 8\" data-no-translation-aria-label=\"\"><figure class=\"swiper-slide-inner\"><img decoding=\"async\" class=\"swiper-slide-image\" src=\"http:\/\/tellus-ing.com\/wp-content\/uploads\/2024\/04\/PG8.png\" alt=\"PG8\" \/><\/figure><\/div>\t\t\t<\/div>\n\t\t\t\t\t\t\t\t\t\t\t\t<div class=\"elementor-swiper-button elementor-swiper-button-prev\" role=\"button\" tabindex=\"0\">\n\t\t\t\t\t\t<i aria-hidden=\"true\" class=\"eicon-chevron-left\"><\/i>\t\t\t\t\t<\/div>\n\t\t\t\t\t<div class=\"elementor-swiper-button elementor-swiper-button-next\" role=\"button\" tabindex=\"0\">\n\t\t\t\t\t\t<i aria-hidden=\"true\" class=\"eicon-chevron-right\"><\/i>\t\t\t\t\t<\/div>\n\t\t\t\t\n\t\t\t\t\t\t\t\t\t<div class=\"swiper-pagination\"><\/div>\n\t\t\t\t\t\t\t\t\t<\/div>\n\t\t\t\t\t\t<\/div>\n\t\t\t\t<\/div>\n\t\t\t\t<div class=\"elementor-element elementor-element-8bf9f57 elementor-widget elementor-widget-spacer\" data-id=\"8bf9f57\" data-element_type=\"widget\" data-e-type=\"widget\" data-widget_type=\"spacer.default\">\n\t\t\t\t<div class=\"elementor-widget-container\">\n\t\t\t\t\t\t\t<div class=\"elementor-spacer\">\n\t\t\t<div class=\"elementor-spacer-inner\"><\/div>\n\t\t<\/div>\n\t\t\t\t\t\t<\/div>\n\t\t\t\t<\/div>\n\t\t\t\t<div class=\"elementor-element elementor-element-ac826ef elementor-align-center elementor-mobile-align-center elementor-widget elementor-widget-button\" data-id=\"ac826ef\" data-element_type=\"widget\" data-e-type=\"widget\" data-widget_type=\"button.default\">\n\t\t\t\t<div class=\"elementor-widget-container\">\n\t\t\t\t\t\t\t\t\t<div class=\"elementor-button-wrapper\">\n\t\t\t\t\t<a class=\"elementor-button elementor-button-link elementor-size-md\" href=\"https:\/\/tellus-ing.com\/wp-content\/uploads\/2024\/04\/Plaquette-TELLUS-CERAM-ENG.pdf\" target=\"_blank\">\n\t\t\t\t\t\t<span class=\"elementor-button-content-wrapper\">\n\t\t\t\t\t\t\t\t\t<span class=\"elementor-button-text\">Download the PDF brochure (English)<\/span>\n\t\t\t\t\t<\/span>\n\t\t\t\t\t<\/a>\n\t\t\t\t<\/div>\n\t\t\t\t\t\t\t\t<\/div>\n\t\t\t\t<\/div>\n\t\t\t\t<div class=\"elementor-element elementor-element-e582ff0 elementor-widget elementor-widget-spacer\" data-id=\"e582ff0\" data-element_type=\"widget\" data-e-type=\"widget\" data-widget_type=\"spacer.default\">\n\t\t\t\t<div class=\"elementor-widget-container\">\n\t\t\t\t\t\t\t<div class=\"elementor-spacer\">\n\t\t\t<div class=\"elementor-spacer-inner\"><\/div>\n\t\t<\/div>\n\t\t\t\t\t\t<\/div>\n\t\t\t\t<\/div>\n\t\t\t\t\t<\/div>\n\t\t<\/div>\n\t\t\t\t\t<\/div>\n\t\t<\/section>\n\t\t\t\t<\/div>","protected":false},"excerpt":{"rendered":"<p>Consultez la brochure de Tellus Ceram en ligne.&nbsp; Vous pouvez \u00e9galement la t\u00e9l\u00e9charger en format PDF en cliquant sur le lien en bas de l&rsquo;image. Pour toute question ou projet, n&rsquo;h\u00e9sitez pas \u00e0 nous contacter, l&rsquo;\u00e9quipe Tellus Ceram est \u00e0 votre \u00e9coute. Version fran\u00e7aise T\u00e9l\u00e9chargez la brochure en PDF (Fran\u00e7ais) Version Anglaise T\u00e9l\u00e9chargez la brochure&hellip;&nbsp;<a href=\"https:\/\/tellus-ing.com\/en\/notre-brochure\/\" rel=\"bookmark\">Read More &raquo;<span class=\"screen-reader-text\">The brochure<\/span><\/a><\/p>","protected":false},"author":1,"featured_media":0,"parent":0,"menu_order":0,"comment_status":"closed","ping_status":"closed","template":"","meta":{"sfsi_plus_gutenberg_text_before_share":"","sfsi_plus_gutenberg_show_text_before_share":"","sfsi_plus_gutenberg_icon_type":"","sfsi_plus_gutenberg_icon_alignemt":"","sfsi_plus_gutenburg_max_per_row":"","neve_meta_sidebar":"","neve_meta_container":"","neve_meta_enable_content_width":"","neve_meta_content_width":70,"neve_meta_title_alignment":"","neve_meta_author_avatar":"","neve_post_elements_order":"","neve_meta_disable_header":"","neve_meta_disable_footer":"","neve_meta_disable_title":"","footnotes":""},"class_list":["post-749","page","type-page","status-publish","hentry"],"yoast_head":"<!-- This site is optimized with the Yoast SEO plugin v27.3 - https:\/\/yoast.com\/product\/yoast-seo-wordpress\/ -->\n<title>La brochure - Tellus Ceram<\/title>\n<meta name=\"robots\" content=\"index, follow, max-snippet:-1, max-image-preview:large, max-video-preview:-1\" \/>\n<link rel=\"canonical\" href=\"http:\/\/tellus-ing.com\/en\/notre-brochure\/\" \/>\n<meta property=\"og:locale\" content=\"en_GB\" \/>\n<meta property=\"og:type\" content=\"article\" \/>\n<meta property=\"og:title\" content=\"La brochure - Tellus Ceram\" \/>\n<meta property=\"og:description\" content=\"Consultez la brochure de Tellus Ceram en ligne.&nbsp; Vous pouvez \u00e9galement la t\u00e9l\u00e9charger en format PDF en cliquant sur le lien en bas de l&rsquo;image. Pour toute question ou projet, n&rsquo;h\u00e9sitez pas \u00e0 nous contacter, l&rsquo;\u00e9quipe Tellus Ceram est \u00e0 votre \u00e9coute. Version fran\u00e7aise T\u00e9l\u00e9chargez la brochure en PDF (Fran\u00e7ais) Version Anglaise T\u00e9l\u00e9chargez la brochure&hellip;&nbsp;Read More &raquo;La brochure\" \/>\n<meta property=\"og:url\" content=\"http:\/\/tellus-ing.com\/en\/notre-brochure\/\" \/>\n<meta property=\"og:site_name\" content=\"Tellus Ceram\" \/>\n<meta property=\"article:modified_time\" content=\"2024-04-19T07:52:23+00:00\" \/>\n<meta property=\"og:image\" content=\"https:\/\/tellus-ing.com\/wp-content\/uploads\/2024\/04\/P1.png\" \/>\n<meta name=\"twitter:card\" content=\"summary_large_image\" \/>\n<script type=\"application\/ld+json\" class=\"yoast-schema-graph\">{\"@context\":\"https:\\\/\\\/schema.org\",\"@graph\":[{\"@type\":\"WebPage\",\"@id\":\"http:\\\/\\\/tellus-ing.com\\\/notre-brochure\\\/\",\"url\":\"http:\\\/\\\/tellus-ing.com\\\/notre-brochure\\\/\",\"name\":\"La brochure - Tellus Ceram\",\"isPartOf\":{\"@id\":\"http:\\\/\\\/tellus-ing.com\\\/en\\\/#website\"},\"primaryImageOfPage\":{\"@id\":\"http:\\\/\\\/tellus-ing.com\\\/notre-brochure\\\/#primaryimage\"},\"image\":{\"@id\":\"http:\\\/\\\/tellus-ing.com\\\/notre-brochure\\\/#primaryimage\"},\"thumbnailUrl\":\"https:\\\/\\\/tellus-ing.com\\\/wp-content\\\/uploads\\\/2024\\\/04\\\/P1.png\",\"datePublished\":\"2019-03-14T18:18:27+00:00\",\"dateModified\":\"2024-04-19T07:52:23+00:00\",\"breadcrumb\":{\"@id\":\"http:\\\/\\\/tellus-ing.com\\\/notre-brochure\\\/#breadcrumb\"},\"inLanguage\":\"en-GB\",\"potentialAction\":[{\"@type\":\"ReadAction\",\"target\":[\"http:\\\/\\\/tellus-ing.com\\\/notre-brochure\\\/\"]}]},{\"@type\":\"ImageObject\",\"inLanguage\":\"en-GB\",\"@id\":\"http:\\\/\\\/tellus-ing.com\\\/notre-brochure\\\/#primaryimage\",\"url\":\"https:\\\/\\\/tellus-ing.com\\\/wp-content\\\/uploads\\\/2024\\\/04\\\/P1.png\",\"contentUrl\":\"https:\\\/\\\/tellus-ing.com\\\/wp-content\\\/uploads\\\/2024\\\/04\\\/P1.png\"},{\"@type\":\"BreadcrumbList\",\"@id\":\"http:\\\/\\\/tellus-ing.com\\\/notre-brochure\\\/#breadcrumb\",\"itemListElement\":[{\"@type\":\"ListItem\",\"position\":1,\"name\":\"Accueil\",\"item\":\"http:\\\/\\\/tellus-ing.com\\\/en\\\/\"},{\"@type\":\"ListItem\",\"position\":2,\"name\":\"La brochure\"}]},{\"@type\":\"WebSite\",\"@id\":\"http:\\\/\\\/tellus-ing.com\\\/en\\\/#website\",\"url\":\"http:\\\/\\\/tellus-ing.com\\\/en\\\/\",\"name\":\"Tellus Ceram\",\"description\":\"\",\"publisher\":{\"@id\":\"http:\\\/\\\/tellus-ing.com\\\/en\\\/#organization\"},\"potentialAction\":[{\"@type\":\"SearchAction\",\"target\":{\"@type\":\"EntryPoint\",\"urlTemplate\":\"http:\\\/\\\/tellus-ing.com\\\/en\\\/?s={search_term_string}\"},\"query-input\":{\"@type\":\"PropertyValueSpecification\",\"valueRequired\":true,\"valueName\":\"search_term_string\"}}],\"inLanguage\":\"en-GB\"},{\"@type\":\"Organization\",\"@id\":\"http:\\\/\\\/tellus-ing.com\\\/en\\\/#organization\",\"name\":\"Tellus Ceram\",\"url\":\"http:\\\/\\\/tellus-ing.com\\\/en\\\/\",\"logo\":{\"@type\":\"ImageObject\",\"inLanguage\":\"en-GB\",\"@id\":\"http:\\\/\\\/tellus-ing.com\\\/en\\\/#\\\/schema\\\/logo\\\/image\\\/\",\"url\":\"https:\\\/\\\/tellus-ing.com\\\/wp-content\\\/uploads\\\/2019\\\/03\\\/cropped-LOGO-TELLUS-CERAM-1-1.png\",\"contentUrl\":\"https:\\\/\\\/tellus-ing.com\\\/wp-content\\\/uploads\\\/2019\\\/03\\\/cropped-LOGO-TELLUS-CERAM-1-1.png\",\"width\":572,\"height\":268,\"caption\":\"Tellus Ceram\"},\"image\":{\"@id\":\"http:\\\/\\\/tellus-ing.com\\\/en\\\/#\\\/schema\\\/logo\\\/image\\\/\"}}]}<\/script>\n<!-- \/ Yoast SEO plugin. -->","yoast_head_json":{"title":"La brochure - Tellus Ceram","robots":{"index":"index","follow":"follow","max-snippet":"max-snippet:-1","max-image-preview":"max-image-preview:large","max-video-preview":"max-video-preview:-1"},"canonical":"http:\/\/tellus-ing.com\/en\/notre-brochure\/","og_locale":"en_GB","og_type":"article","og_title":"La brochure - Tellus Ceram","og_description":"Consultez la brochure de Tellus Ceram en ligne.&nbsp; Vous pouvez \u00e9galement la t\u00e9l\u00e9charger en format PDF en cliquant sur le lien en bas de l&rsquo;image. Pour toute question ou projet, n&rsquo;h\u00e9sitez pas \u00e0 nous contacter, l&rsquo;\u00e9quipe Tellus Ceram est \u00e0 votre \u00e9coute. Version fran\u00e7aise T\u00e9l\u00e9chargez la brochure en PDF (Fran\u00e7ais) Version Anglaise T\u00e9l\u00e9chargez la brochure&hellip;&nbsp;Read More &raquo;La brochure","og_url":"http:\/\/tellus-ing.com\/en\/notre-brochure\/","og_site_name":"Tellus Ceram","article_modified_time":"2024-04-19T07:52:23+00:00","og_image":[{"url":"https:\/\/tellus-ing.com\/wp-content\/uploads\/2024\/04\/P1.png","type":"","width":"","height":""}],"twitter_card":"summary_large_image","schema":{"@context":"https:\/\/schema.org","@graph":[{"@type":"WebPage","@id":"http:\/\/tellus-ing.com\/notre-brochure\/","url":"http:\/\/tellus-ing.com\/notre-brochure\/","name":"La brochure - Tellus Ceram","isPartOf":{"@id":"http:\/\/tellus-ing.com\/en\/#website"},"primaryImageOfPage":{"@id":"http:\/\/tellus-ing.com\/notre-brochure\/#primaryimage"},"image":{"@id":"http:\/\/tellus-ing.com\/notre-brochure\/#primaryimage"},"thumbnailUrl":"https:\/\/tellus-ing.com\/wp-content\/uploads\/2024\/04\/P1.png","datePublished":"2019-03-14T18:18:27+00:00","dateModified":"2024-04-19T07:52:23+00:00","breadcrumb":{"@id":"http:\/\/tellus-ing.com\/notre-brochure\/#breadcrumb"},"inLanguage":"en-GB","potentialAction":[{"@type":"ReadAction","target":["http:\/\/tellus-ing.com\/notre-brochure\/"]}]},{"@type":"ImageObject","inLanguage":"en-GB","@id":"http:\/\/tellus-ing.com\/notre-brochure\/#primaryimage","url":"https:\/\/tellus-ing.com\/wp-content\/uploads\/2024\/04\/P1.png","contentUrl":"https:\/\/tellus-ing.com\/wp-content\/uploads\/2024\/04\/P1.png"},{"@type":"BreadcrumbList","@id":"http:\/\/tellus-ing.com\/notre-brochure\/#breadcrumb","itemListElement":[{"@type":"ListItem","position":1,"name":"Accueil","item":"http:\/\/tellus-ing.com\/en\/"},{"@type":"ListItem","position":2,"name":"La brochure"}]},{"@type":"WebSite","@id":"http:\/\/tellus-ing.com\/en\/#website","url":"http:\/\/tellus-ing.com\/en\/","name":"Tellus Ceram","description":"","publisher":{"@id":"http:\/\/tellus-ing.com\/en\/#organization"},"potentialAction":[{"@type":"SearchAction","target":{"@type":"EntryPoint","urlTemplate":"http:\/\/tellus-ing.com\/en\/?s={search_term_string}"},"query-input":{"@type":"PropertyValueSpecification","valueRequired":true,"valueName":"search_term_string"}}],"inLanguage":"en-GB"},{"@type":"Organization","@id":"http:\/\/tellus-ing.com\/en\/#organization","name":"Tellus Ceram","url":"http:\/\/tellus-ing.com\/en\/","logo":{"@type":"ImageObject","inLanguage":"en-GB","@id":"http:\/\/tellus-ing.com\/en\/#\/schema\/logo\/image\/","url":"https:\/\/tellus-ing.com\/wp-content\/uploads\/2019\/03\/cropped-LOGO-TELLUS-CERAM-1-1.png","contentUrl":"https:\/\/tellus-ing.com\/wp-content\/uploads\/2019\/03\/cropped-LOGO-TELLUS-CERAM-1-1.png","width":572,"height":268,"caption":"Tellus Ceram"},"image":{"@id":"http:\/\/tellus-ing.com\/en\/#\/schema\/logo\/image\/"}}]}},"_links":{"self":[{"href":"https:\/\/tellus-ing.com\/en\/wp-json\/wp\/v2\/pages\/749","targetHints":{"allow":["GET"]}}],"collection":[{"href":"https:\/\/tellus-ing.com\/en\/wp-json\/wp\/v2\/pages"}],"about":[{"href":"https:\/\/tellus-ing.com\/en\/wp-json\/wp\/v2\/types\/page"}],"author":[{"embeddable":true,"href":"https:\/\/tellus-ing.com\/en\/wp-json\/wp\/v2\/users\/1"}],"replies":[{"embeddable":true,"href":"https:\/\/tellus-ing.com\/en\/wp-json\/wp\/v2\/comments?post=749"}],"version-history":[{"count":50,"href":"https:\/\/tellus-ing.com\/en\/wp-json\/wp\/v2\/pages\/749\/revisions"}],"predecessor-version":[{"id":2216,"href":"https:\/\/tellus-ing.com\/en\/wp-json\/wp\/v2\/pages\/749\/revisions\/2216"}],"wp:attachment":[{"href":"https:\/\/tellus-ing.com\/en\/wp-json\/wp\/v2\/media?parent=749"}],"curies":[{"name":"wp","href":"https:\/\/api.w.org\/{rel}","templated":true}]}}