{"id":2129,"date":"2024-02-07T19:29:33","date_gmt":"2024-02-07T18:29:33","guid":{"rendered":"https:\/\/tellus-ing.com\/?page_id=2129"},"modified":"2024-02-07T19:32:35","modified_gmt":"2024-02-07T18:32:35","slug":"hausse-du-cout-de-lenergie-apres-quatre-mois-darret-force-lentreprise-tellus-ceram-remet-ses-fours-en-marche","status":"publish","type":"page","link":"https:\/\/tellus-ing.com\/en\/hausse-du-cout-de-lenergie-apres-quatre-mois-darret-force-lentreprise-tellus-ceram-remet-ses-fours-en-marche\/","title":{"rendered":"Article 6 : Hausse du co\u00fbt de l&rsquo;\u00e9nergie : apr\u00e8s quatre mois d\u2019arr\u00eat forc\u00e9, l\u2019entreprise Tellus Ceram remet ses fours en marche"},"content":{"rendered":"<div data-elementor-type=\"wp-page\" data-elementor-id=\"2129\" class=\"elementor elementor-2129\" data-elementor-settings=\"{&quot;ha_cmc_init_switcher&quot;:&quot;no&quot;}\">\n\t\t\t\t\t\t<section class=\"elementor-section elementor-top-section elementor-element elementor-element-8384962 elementor-section-boxed elementor-section-height-default elementor-section-height-default\" data-id=\"8384962\" data-element_type=\"section\" data-e-type=\"section\" data-settings=\"{&quot;_ha_eqh_enable&quot;:false}\">\n\t\t\t\t\t\t<div class=\"elementor-container elementor-column-gap-default\">\n\t\t\t\t\t<div class=\"elementor-column elementor-col-100 elementor-top-column elementor-element elementor-element-4458e91\" data-id=\"4458e91\" data-element_type=\"column\" data-e-type=\"column\">\n\t\t\t<div class=\"elementor-widget-wrap elementor-element-populated\">\n\t\t\t\t\t\t<div class=\"elementor-element elementor-element-7970f75 elementor-widget elementor-widget-heading\" data-id=\"7970f75\" data-element_type=\"widget\" data-e-type=\"widget\" data-widget_type=\"heading.default\">\n\t\t\t\t<div class=\"elementor-widget-container\">\n\t\t\t\t\t<h2 class=\"elementor-heading-title elementor-size-default\">Hausse du co\u00fbt de l'\u00e9nergie : apr\u00e8s quatre mois d\u2019arr\u00eat forc\u00e9, l\u2019entreprise Tellus Ceram remet ses fours en marche<\/h2>\t\t\t\t<\/div>\n\t\t\t\t<\/div>\n\t\t\t\t<div class=\"elementor-element elementor-element-aecf52d elementor-widget elementor-widget-heading\" data-id=\"aecf52d\" data-element_type=\"widget\" data-e-type=\"widget\" data-widget_type=\"heading.default\">\n\t\t\t\t<div class=\"elementor-widget-container\">\n\t\t\t\t\t<h2 class=\"elementor-heading-title elementor-size-default\"><a href=\"https:\/\/france3-regions.francetvinfo.fr\/nouvelle-aquitaine\/lot-et-garonne\/agen\/l-entreprise-tellus-ceram-remet-ses-fours-en-marche-apres-quatre-mois-d-arret-force-2746738.html\">Article publi\u00e9 par FRANCE 3 - Nouvelle Aquitaine le 04\/04\/2023<\/a><\/h2>\t\t\t\t<\/div>\n\t\t\t\t<\/div>\n\t\t\t\t<div class=\"elementor-element elementor-element-9872e6f elementor-widget elementor-widget-image\" data-id=\"9872e6f\" data-element_type=\"widget\" data-e-type=\"widget\" data-widget_type=\"image.default\">\n\t\t\t\t<div class=\"elementor-widget-container\">\n\t\t\t\t\t\t\t\t\t\t\t\t\t\t\t<img fetchpriority=\"high\" decoding=\"async\" width=\"600\" height=\"400\" src=\"https:\/\/tellus-ing.com\/wp-content\/uploads\/2024\/02\/642c26af4d06b_clean-jt-12-13-aquitaine-d-r-d-r-du-04-04-04-04-2023-00-09-51-01.jpg\" class=\"attachment-large size-large wp-image-2131\" alt=\"\" srcset=\"https:\/\/tellus-ing.com\/wp-content\/uploads\/2024\/02\/642c26af4d06b_clean-jt-12-13-aquitaine-d-r-d-r-du-04-04-04-04-2023-00-09-51-01.jpg 600w, https:\/\/tellus-ing.com\/wp-content\/uploads\/2024\/02\/642c26af4d06b_clean-jt-12-13-aquitaine-d-r-d-r-du-04-04-04-04-2023-00-09-51-01-300x200.jpg 300w, https:\/\/tellus-ing.com\/wp-content\/uploads\/2024\/02\/642c26af4d06b_clean-jt-12-13-aquitaine-d-r-d-r-du-04-04-04-04-2023-00-09-51-01-18x12.jpg 18w\" sizes=\"(max-width: 600px) 100vw, 600px\" \/>\t\t\t\t\t\t\t\t\t\t\t\t\t\t\t<\/div>\n\t\t\t\t<\/div>\n\t\t\t\t<div class=\"elementor-element elementor-element-beb28a4 elementor-widget elementor-widget-text-editor\" data-id=\"beb28a4\" data-element_type=\"widget\" data-e-type=\"widget\" data-widget_type=\"text-editor.default\">\n\t\t\t\t<div class=\"elementor-widget-container\">\n\t\t\t\t\t\t\t\t\t<p>Les fours de Tellus Ceram tournent \u00e0 nouveau <span class=\"separator\">\u2022 <\/span>\u00a9 France 3 Aquitaine<\/p>\t\t\t\t\t\t\t\t<\/div>\n\t\t\t\t<\/div>\n\t\t\t\t<div class=\"elementor-element elementor-element-2560733 elementor-widget elementor-widget-text-editor\" data-id=\"2560733\" data-element_type=\"widget\" data-e-type=\"widget\" data-widget_type=\"text-editor.default\">\n\t\t\t\t<div class=\"elementor-widget-container\">\n\t\t\t\t\t\t\t\t\t<p class=\"article__intro\">La p\u00e9riode d\u2019arr\u00eat des fours a \u00e9t\u00e9 plus longue que pr\u00e9vue. Pour faire face \u00e0 la hausse du prix du gaz, la briqueterie, situ\u00e9e \u00e0 Monsempron-Libos en Lot-et-Garonne, avait annonc\u00e9 l\u2019arr\u00eat de sa production de d\u00e9cembre 2022 \u00e0 f\u00e9vrier 2023. L\u2018usine a finalement repris son activit\u00e9 normale fin mars.<\/p><p>A la crise \u00e9nerg\u00e9tique s\u2019ajoute la m\u00e9t\u00e9o capricieuse. Malgr\u00e9 l\u2019arriv\u00e9e du printemps, le froid persiste et l\u2019utilisation massive du gaz pour les particuliers dure plus longtemps que pr\u00e9vue. <em>\u00ab\u00a0On a voulu avoir une r\u00e9ponse civique \u00e0 une probl\u00e9matique \u00e9conomique globale, <\/em>explique Mesmin B\u00e9ragne, le patron de Tellus Ceram, une briquetterie situ\u00e9e \u00e0 Monsempron-Libos. <em>On a donc choisi de laisser du gaz pour les particuliers un mois de plus \u00ab\u00a0.<\/em><\/p><h2 class=\"subheader\">\u00ab\u00a0On n\u2019a pas eu d\u2019autre choix\u00a0\u00bb<\/h2><p>En \u00e9t\u00e9 2022, au pic de l\u2019inflation, la facture du gaz a \u00e9t\u00e9 multipli\u00e9e par 10. Sur les cinq fours que poss\u00e8de l\u2019usine, un seul fonctionne entre juillet et septembre. C\u2019est un de trop pour maintenir l\u2019\u00e9quilibre financier de la briqueterie. Face \u00e0 la crise, et pour \u00e9viter \u00e0 tout prix de licencier ses employ\u00e9s, le patron de Tellus Ceram n\u2019a donc pas eu d\u2019autre choix que d\u2019arr\u00eater momentan\u00e9ment les fours de l\u2019usine.<\/p><p><em>\u00ab\u00a0A la fin de l\u2019\u00e9t\u00e9 on \u00e9tait face au mur,<\/em>\u00a0 raconte-il.<em> L\u2019Etat a annonc\u00e9 qu\u2019il pouvait nous demander de couper le gaz dans les deux heures\u00a0\u00bb. <\/em>\u00a0Un dispositif techniquement impossible \u00e0 mettre en \u0153uvre: \u00a0\u00bb <em>Nous avons deux fours de 100 m\u00e8tres, pour les arr\u00eater, il faut compter environ 8 jours. Pour les fours plus petits, de 50 m\u00e8tres, il faut entre 4 et 5 jours, sinon, le mat\u00e9riel est endommag\u00e9 et surtout, la totalit\u00e9 de la production \u00e0 l\u2019int\u00e9rieur est \u00e0 jeter\u00a0\u00bb<\/em>. Une perte potentielle de production estim\u00e9e entre 50 et 100 000 euros pour chaque grand four.<\/p><h2 class=\"subheader\">\u00ab\u00a0On a puis\u00e9 dans les stocks accumul\u00e9s pendant le Covid\u00a0\u00bb<\/h2><p>Pour la premi\u00e8re fois dans l\u2019histoire de l\u2019entreprise, les fours ont donc cess\u00e9 de fonctionner. Parall\u00e8lement, le carnet de commande n\u2019a pas, ou peu d\u00e9sempli. Pour r\u00e9pondre \u00e0 la demande des clients, Tellus Ceram a donc puis\u00e9 dans les stocks effectu\u00e9s pendant la p\u00e9riode creuse du Covid, un an auparavant. <em>\u00ab\u00a0Sans ces r\u00e9serves, je ne sais pas si on s\u2019en serait sortis\u00a0\u00bb<\/em>, conc\u00e8de le Mesmin B\u00e9ragne.<\/p><h2 class=\"subheader\">Passage \u00e0 la semaine de quatre jours<\/h2><p>Malgr\u00e9 la conjoncture, les employ\u00e9s de Tallus Ceram ont \u00e9t\u00e9 pr\u00e9serv\u00e9s du ch\u00f4mage technique. <em>\u00ab\u00a0On a profit\u00e9 de ces quatre mois pour former les \u00e9quipes avant la prochaine saison, <\/em>explique le dirigean<em>t. On anticipe la suite, six personnes du four sont par exemple pass\u00e9es en usinage\u00a0\u00bb.<\/em><\/p><p>Au-del\u00e0 des formations, l\u2019organisation du travail a \u00e9t\u00e9 repens\u00e9e. Pour \u00e9conomiser une journ\u00e9e d\u2019\u00e9nergie, la semaine est pass\u00e9e de 5 \u00e0 4 jours, en maintenant un salaire bas\u00e9 sur les 35 heures.<\/p><h2 class=\"subheader\">Objectif : autosuffisance \u00e9nerg\u00e9tique<\/h2><p>L\u2019ann\u00e9e 2022 a \u00e9t\u00e9 \u00e9prouvante pour ce patron d\u2019entreprise.<em> \u00ab\u00a0On a perdu de l\u2019argent sur toutes les commandes. Le prix de l\u2019\u00e9nergie ramen\u00e9 \u00e0 la mol\u00e9cule, \u00e7a fait de 340\u2009% d\u2019augmentation en 2022. On a donc perdu environ 20\u2009% de chiffre d\u2019affaire \u00ab\u00a0.<\/em><\/p><p>Mesmin B\u00e9ragne compte bien tout mettre en \u0153uvre pour parvenir le plus rapidement possible \u00e0 l\u2019autosuffisance \u00e9nerg\u00e9tique. \u00a0Gr\u00e2ce, entre autres, \u00e0 l\u2019utilisation de bio gaz, produits par les m\u00e9thaniseurs du Lot-et-Garonne, ou \u00e0 l\u2019installation de panneaux solaires qui devraient \u00eatre op\u00e9rationnels d\u2019ici fin 2024.<\/p>\t\t\t\t\t\t\t\t<\/div>\n\t\t\t\t<\/div>\n\t\t\t\t\t<\/div>\n\t\t<\/div>\n\t\t\t\t\t<\/div>\n\t\t<\/section>\n\t\t\t\t<\/div>","protected":false},"excerpt":{"rendered":"<p>Hausse du co\u00fbt de l&rsquo;\u00e9nergie : apr\u00e8s quatre mois d\u2019arr\u00eat forc\u00e9, l\u2019entreprise Tellus Ceram remet ses fours en marche Article publi\u00e9 par FRANCE 3 &#8211; Nouvelle Aquitaine le 04\/04\/2023 Les fours de Tellus Ceram tournent \u00e0 nouveau \u2022 \u00a9 France 3 Aquitaine La p\u00e9riode d\u2019arr\u00eat des fours a \u00e9t\u00e9 plus longue que pr\u00e9vue. Pour faire&hellip;&nbsp;<a href=\"https:\/\/tellus-ing.com\/en\/hausse-du-cout-de-lenergie-apres-quatre-mois-darret-force-lentreprise-tellus-ceram-remet-ses-fours-en-marche\/\" rel=\"bookmark\">Read More &raquo;<span class=\"screen-reader-text\">Article 6 : Hausse du co\u00fbt de l&rsquo;\u00e9nergie : apr\u00e8s quatre mois d\u2019arr\u00eat forc\u00e9, l\u2019entreprise Tellus Ceram remet ses fours en marche<\/span><\/a><\/p>","protected":false},"author":1,"featured_media":0,"parent":0,"menu_order":0,"comment_status":"closed","ping_status":"closed","template":"page-templates\/template-pagebuilder-full-width.php","meta":{"sfsi_plus_gutenberg_text_before_share":"","sfsi_plus_gutenberg_show_text_before_share":"","sfsi_plus_gutenberg_icon_type":"","sfsi_plus_gutenberg_icon_alignemt":"","sfsi_plus_gutenburg_max_per_row":"","neve_meta_sidebar":"","neve_meta_container":"","neve_meta_enable_content_width":"","neve_meta_content_width":70,"neve_meta_title_alignment":"","neve_meta_author_avatar":"","neve_post_elements_order":"","neve_meta_disable_header":"","neve_meta_disable_footer":"","neve_meta_disable_title":"","footnotes":""},"class_list":["post-2129","page","type-page","status-publish","hentry"],"yoast_head":"<!-- This site is optimized with the Yoast SEO plugin v27.3 - https:\/\/yoast.com\/product\/yoast-seo-wordpress\/ -->\n<title>Article 6 : Hausse du co\u00fbt de l&#039;\u00e9nergie : apr\u00e8s quatre mois d\u2019arr\u00eat forc\u00e9, l\u2019entreprise Tellus Ceram remet ses fours en marche - Tellus Ceram<\/title>\n<meta name=\"robots\" content=\"index, follow, max-snippet:-1, max-image-preview:large, max-video-preview:-1\" \/>\n<link rel=\"canonical\" href=\"https:\/\/tellus-ing.com\/en\/hausse-du-cout-de-lenergie-apres-quatre-mois-darret-force-lentreprise-tellus-ceram-remet-ses-fours-en-marche\/\" \/>\n<meta property=\"og:locale\" content=\"en_GB\" \/>\n<meta property=\"og:type\" content=\"article\" \/>\n<meta property=\"og:title\" content=\"Article 6 : Hausse du co\u00fbt de l&#039;\u00e9nergie : apr\u00e8s quatre mois d\u2019arr\u00eat forc\u00e9, l\u2019entreprise Tellus Ceram remet ses fours en marche - Tellus Ceram\" \/>\n<meta property=\"og:description\" content=\"Hausse du co\u00fbt de l&rsquo;\u00e9nergie : apr\u00e8s quatre mois d\u2019arr\u00eat forc\u00e9, l\u2019entreprise Tellus Ceram remet ses fours en marche Article publi\u00e9 par FRANCE 3 &#8211; Nouvelle Aquitaine le 04\/04\/2023 Les fours de Tellus Ceram tournent \u00e0 nouveau \u2022 \u00a9 France 3 Aquitaine La p\u00e9riode d\u2019arr\u00eat des fours a \u00e9t\u00e9 plus longue que pr\u00e9vue. Pour faire&hellip;&nbsp;Read More &raquo;Article 6 : Hausse du co\u00fbt de l&rsquo;\u00e9nergie : apr\u00e8s quatre mois d\u2019arr\u00eat forc\u00e9, l\u2019entreprise Tellus Ceram remet ses fours en marche\" \/>\n<meta property=\"og:url\" content=\"https:\/\/tellus-ing.com\/en\/hausse-du-cout-de-lenergie-apres-quatre-mois-darret-force-lentreprise-tellus-ceram-remet-ses-fours-en-marche\/\" \/>\n<meta property=\"og:site_name\" content=\"Tellus Ceram\" \/>\n<meta property=\"article:modified_time\" content=\"2024-02-07T18:32:35+00:00\" \/>\n<meta property=\"og:image\" content=\"https:\/\/tellus-ing.com\/wp-content\/uploads\/2024\/02\/642c26af4d06b_clean-jt-12-13-aquitaine-d-r-d-r-du-04-04-04-04-2023-00-09-51-01.jpg\" \/>\n<meta name=\"twitter:card\" content=\"summary_large_image\" \/>\n<meta name=\"twitter:label1\" content=\"Estimated reading time\" \/>\n\t<meta name=\"twitter:data1\" content=\"3 minutes\" \/>\n<script type=\"application\/ld+json\" class=\"yoast-schema-graph\">{\"@context\":\"https:\\\/\\\/schema.org\",\"@graph\":[{\"@type\":\"WebPage\",\"@id\":\"https:\\\/\\\/tellus-ing.com\\\/hausse-du-cout-de-lenergie-apres-quatre-mois-darret-force-lentreprise-tellus-ceram-remet-ses-fours-en-marche\\\/\",\"url\":\"https:\\\/\\\/tellus-ing.com\\\/hausse-du-cout-de-lenergie-apres-quatre-mois-darret-force-lentreprise-tellus-ceram-remet-ses-fours-en-marche\\\/\",\"name\":\"Article 6 : Hausse du co\u00fbt de l'\u00e9nergie : apr\u00e8s quatre mois d\u2019arr\u00eat forc\u00e9, l\u2019entreprise Tellus Ceram remet ses fours en marche - Tellus Ceram\",\"isPartOf\":{\"@id\":\"http:\\\/\\\/tellus-ing.com\\\/#website\"},\"primaryImageOfPage\":{\"@id\":\"https:\\\/\\\/tellus-ing.com\\\/hausse-du-cout-de-lenergie-apres-quatre-mois-darret-force-lentreprise-tellus-ceram-remet-ses-fours-en-marche\\\/#primaryimage\"},\"image\":{\"@id\":\"https:\\\/\\\/tellus-ing.com\\\/hausse-du-cout-de-lenergie-apres-quatre-mois-darret-force-lentreprise-tellus-ceram-remet-ses-fours-en-marche\\\/#primaryimage\"},\"thumbnailUrl\":\"https:\\\/\\\/tellus-ing.com\\\/wp-content\\\/uploads\\\/2024\\\/02\\\/642c26af4d06b_clean-jt-12-13-aquitaine-d-r-d-r-du-04-04-04-04-2023-00-09-51-01.jpg\",\"datePublished\":\"2024-02-07T18:29:33+00:00\",\"dateModified\":\"2024-02-07T18:32:35+00:00\",\"breadcrumb\":{\"@id\":\"https:\\\/\\\/tellus-ing.com\\\/hausse-du-cout-de-lenergie-apres-quatre-mois-darret-force-lentreprise-tellus-ceram-remet-ses-fours-en-marche\\\/#breadcrumb\"},\"inLanguage\":\"en-GB\",\"potentialAction\":[{\"@type\":\"ReadAction\",\"target\":[\"https:\\\/\\\/tellus-ing.com\\\/hausse-du-cout-de-lenergie-apres-quatre-mois-darret-force-lentreprise-tellus-ceram-remet-ses-fours-en-marche\\\/\"]}]},{\"@type\":\"ImageObject\",\"inLanguage\":\"en-GB\",\"@id\":\"https:\\\/\\\/tellus-ing.com\\\/hausse-du-cout-de-lenergie-apres-quatre-mois-darret-force-lentreprise-tellus-ceram-remet-ses-fours-en-marche\\\/#primaryimage\",\"url\":\"https:\\\/\\\/tellus-ing.com\\\/wp-content\\\/uploads\\\/2024\\\/02\\\/642c26af4d06b_clean-jt-12-13-aquitaine-d-r-d-r-du-04-04-04-04-2023-00-09-51-01.jpg\",\"contentUrl\":\"https:\\\/\\\/tellus-ing.com\\\/wp-content\\\/uploads\\\/2024\\\/02\\\/642c26af4d06b_clean-jt-12-13-aquitaine-d-r-d-r-du-04-04-04-04-2023-00-09-51-01.jpg\"},{\"@type\":\"BreadcrumbList\",\"@id\":\"https:\\\/\\\/tellus-ing.com\\\/hausse-du-cout-de-lenergie-apres-quatre-mois-darret-force-lentreprise-tellus-ceram-remet-ses-fours-en-marche\\\/#breadcrumb\",\"itemListElement\":[{\"@type\":\"ListItem\",\"position\":1,\"name\":\"Accueil\",\"item\":\"https:\\\/\\\/tellus-ing.com\\\/\"},{\"@type\":\"ListItem\",\"position\":2,\"name\":\"Article 6 : Hausse du co\u00fbt de l&rsquo;\u00e9nergie : apr\u00e8s quatre mois d\u2019arr\u00eat forc\u00e9, l\u2019entreprise Tellus Ceram remet ses fours en marche\"}]},{\"@type\":\"WebSite\",\"@id\":\"http:\\\/\\\/tellus-ing.com\\\/#website\",\"url\":\"http:\\\/\\\/tellus-ing.com\\\/\",\"name\":\"Tellus Ceram\",\"description\":\"\",\"publisher\":{\"@id\":\"http:\\\/\\\/tellus-ing.com\\\/#organization\"},\"potentialAction\":[{\"@type\":\"SearchAction\",\"target\":{\"@type\":\"EntryPoint\",\"urlTemplate\":\"http:\\\/\\\/tellus-ing.com\\\/?s={search_term_string}\"},\"query-input\":{\"@type\":\"PropertyValueSpecification\",\"valueRequired\":true,\"valueName\":\"search_term_string\"}}],\"inLanguage\":\"en-GB\"},{\"@type\":\"Organization\",\"@id\":\"http:\\\/\\\/tellus-ing.com\\\/#organization\",\"name\":\"Tellus Ceram\",\"url\":\"http:\\\/\\\/tellus-ing.com\\\/\",\"logo\":{\"@type\":\"ImageObject\",\"inLanguage\":\"en-GB\",\"@id\":\"http:\\\/\\\/tellus-ing.com\\\/#\\\/schema\\\/logo\\\/image\\\/\",\"url\":\"https:\\\/\\\/tellus-ing.com\\\/wp-content\\\/uploads\\\/2019\\\/03\\\/cropped-LOGO-TELLUS-CERAM-1-1.png\",\"contentUrl\":\"https:\\\/\\\/tellus-ing.com\\\/wp-content\\\/uploads\\\/2019\\\/03\\\/cropped-LOGO-TELLUS-CERAM-1-1.png\",\"width\":572,\"height\":268,\"caption\":\"Tellus Ceram\"},\"image\":{\"@id\":\"http:\\\/\\\/tellus-ing.com\\\/#\\\/schema\\\/logo\\\/image\\\/\"}}]}<\/script>\n<!-- \/ Yoast SEO plugin. -->","yoast_head_json":{"title":"Article 6 : Hausse du co\u00fbt de l'\u00e9nergie : apr\u00e8s quatre mois d\u2019arr\u00eat forc\u00e9, l\u2019entreprise Tellus Ceram remet ses fours en marche - Tellus Ceram","robots":{"index":"index","follow":"follow","max-snippet":"max-snippet:-1","max-image-preview":"max-image-preview:large","max-video-preview":"max-video-preview:-1"},"canonical":"https:\/\/tellus-ing.com\/en\/hausse-du-cout-de-lenergie-apres-quatre-mois-darret-force-lentreprise-tellus-ceram-remet-ses-fours-en-marche\/","og_locale":"en_GB","og_type":"article","og_title":"Article 6 : Hausse du co\u00fbt de l'\u00e9nergie : apr\u00e8s quatre mois d\u2019arr\u00eat forc\u00e9, l\u2019entreprise Tellus Ceram remet ses fours en marche - Tellus Ceram","og_description":"Hausse du co\u00fbt de l&rsquo;\u00e9nergie : apr\u00e8s quatre mois d\u2019arr\u00eat forc\u00e9, l\u2019entreprise Tellus Ceram remet ses fours en marche Article publi\u00e9 par FRANCE 3 &#8211; Nouvelle Aquitaine le 04\/04\/2023 Les fours de Tellus Ceram tournent \u00e0 nouveau \u2022 \u00a9 France 3 Aquitaine La p\u00e9riode d\u2019arr\u00eat des fours a \u00e9t\u00e9 plus longue que pr\u00e9vue. Pour faire&hellip;&nbsp;Read More &raquo;Article 6 : Hausse du co\u00fbt de l&rsquo;\u00e9nergie : apr\u00e8s quatre mois d\u2019arr\u00eat forc\u00e9, l\u2019entreprise Tellus Ceram remet ses fours en marche","og_url":"https:\/\/tellus-ing.com\/en\/hausse-du-cout-de-lenergie-apres-quatre-mois-darret-force-lentreprise-tellus-ceram-remet-ses-fours-en-marche\/","og_site_name":"Tellus Ceram","article_modified_time":"2024-02-07T18:32:35+00:00","og_image":[{"url":"https:\/\/tellus-ing.com\/wp-content\/uploads\/2024\/02\/642c26af4d06b_clean-jt-12-13-aquitaine-d-r-d-r-du-04-04-04-04-2023-00-09-51-01.jpg","type":"","width":"","height":""}],"twitter_card":"summary_large_image","twitter_misc":{"Estimated reading time":"3 minutes"},"schema":{"@context":"https:\/\/schema.org","@graph":[{"@type":"WebPage","@id":"https:\/\/tellus-ing.com\/hausse-du-cout-de-lenergie-apres-quatre-mois-darret-force-lentreprise-tellus-ceram-remet-ses-fours-en-marche\/","url":"https:\/\/tellus-ing.com\/hausse-du-cout-de-lenergie-apres-quatre-mois-darret-force-lentreprise-tellus-ceram-remet-ses-fours-en-marche\/","name":"Article 6 : Hausse du co\u00fbt de l'\u00e9nergie : apr\u00e8s quatre mois d\u2019arr\u00eat forc\u00e9, l\u2019entreprise Tellus Ceram remet ses fours en marche - Tellus Ceram","isPartOf":{"@id":"http:\/\/tellus-ing.com\/#website"},"primaryImageOfPage":{"@id":"https:\/\/tellus-ing.com\/hausse-du-cout-de-lenergie-apres-quatre-mois-darret-force-lentreprise-tellus-ceram-remet-ses-fours-en-marche\/#primaryimage"},"image":{"@id":"https:\/\/tellus-ing.com\/hausse-du-cout-de-lenergie-apres-quatre-mois-darret-force-lentreprise-tellus-ceram-remet-ses-fours-en-marche\/#primaryimage"},"thumbnailUrl":"https:\/\/tellus-ing.com\/wp-content\/uploads\/2024\/02\/642c26af4d06b_clean-jt-12-13-aquitaine-d-r-d-r-du-04-04-04-04-2023-00-09-51-01.jpg","datePublished":"2024-02-07T18:29:33+00:00","dateModified":"2024-02-07T18:32:35+00:00","breadcrumb":{"@id":"https:\/\/tellus-ing.com\/hausse-du-cout-de-lenergie-apres-quatre-mois-darret-force-lentreprise-tellus-ceram-remet-ses-fours-en-marche\/#breadcrumb"},"inLanguage":"en-GB","potentialAction":[{"@type":"ReadAction","target":["https:\/\/tellus-ing.com\/hausse-du-cout-de-lenergie-apres-quatre-mois-darret-force-lentreprise-tellus-ceram-remet-ses-fours-en-marche\/"]}]},{"@type":"ImageObject","inLanguage":"en-GB","@id":"https:\/\/tellus-ing.com\/hausse-du-cout-de-lenergie-apres-quatre-mois-darret-force-lentreprise-tellus-ceram-remet-ses-fours-en-marche\/#primaryimage","url":"https:\/\/tellus-ing.com\/wp-content\/uploads\/2024\/02\/642c26af4d06b_clean-jt-12-13-aquitaine-d-r-d-r-du-04-04-04-04-2023-00-09-51-01.jpg","contentUrl":"https:\/\/tellus-ing.com\/wp-content\/uploads\/2024\/02\/642c26af4d06b_clean-jt-12-13-aquitaine-d-r-d-r-du-04-04-04-04-2023-00-09-51-01.jpg"},{"@type":"BreadcrumbList","@id":"https:\/\/tellus-ing.com\/hausse-du-cout-de-lenergie-apres-quatre-mois-darret-force-lentreprise-tellus-ceram-remet-ses-fours-en-marche\/#breadcrumb","itemListElement":[{"@type":"ListItem","position":1,"name":"Accueil","item":"https:\/\/tellus-ing.com\/"},{"@type":"ListItem","position":2,"name":"Article 6 : Hausse du co\u00fbt de l&rsquo;\u00e9nergie : apr\u00e8s quatre mois d\u2019arr\u00eat forc\u00e9, l\u2019entreprise Tellus Ceram remet ses fours en marche"}]},{"@type":"WebSite","@id":"http:\/\/tellus-ing.com\/#website","url":"http:\/\/tellus-ing.com\/","name":"Tellus Ceram","description":"","publisher":{"@id":"http:\/\/tellus-ing.com\/#organization"},"potentialAction":[{"@type":"SearchAction","target":{"@type":"EntryPoint","urlTemplate":"http:\/\/tellus-ing.com\/?s={search_term_string}"},"query-input":{"@type":"PropertyValueSpecification","valueRequired":true,"valueName":"search_term_string"}}],"inLanguage":"en-GB"},{"@type":"Organization","@id":"http:\/\/tellus-ing.com\/#organization","name":"Tellus Ceram","url":"http:\/\/tellus-ing.com\/","logo":{"@type":"ImageObject","inLanguage":"en-GB","@id":"http:\/\/tellus-ing.com\/#\/schema\/logo\/image\/","url":"https:\/\/tellus-ing.com\/wp-content\/uploads\/2019\/03\/cropped-LOGO-TELLUS-CERAM-1-1.png","contentUrl":"https:\/\/tellus-ing.com\/wp-content\/uploads\/2019\/03\/cropped-LOGO-TELLUS-CERAM-1-1.png","width":572,"height":268,"caption":"Tellus Ceram"},"image":{"@id":"http:\/\/tellus-ing.com\/#\/schema\/logo\/image\/"}}]}},"_links":{"self":[{"href":"https:\/\/tellus-ing.com\/en\/wp-json\/wp\/v2\/pages\/2129","targetHints":{"allow":["GET"]}}],"collection":[{"href":"https:\/\/tellus-ing.com\/en\/wp-json\/wp\/v2\/pages"}],"about":[{"href":"https:\/\/tellus-ing.com\/en\/wp-json\/wp\/v2\/types\/page"}],"author":[{"embeddable":true,"href":"https:\/\/tellus-ing.com\/en\/wp-json\/wp\/v2\/users\/1"}],"replies":[{"embeddable":true,"href":"https:\/\/tellus-ing.com\/en\/wp-json\/wp\/v2\/comments?post=2129"}],"version-history":[{"count":7,"href":"https:\/\/tellus-ing.com\/en\/wp-json\/wp\/v2\/pages\/2129\/revisions"}],"predecessor-version":[{"id":2137,"href":"https:\/\/tellus-ing.com\/en\/wp-json\/wp\/v2\/pages\/2129\/revisions\/2137"}],"wp:attachment":[{"href":"https:\/\/tellus-ing.com\/en\/wp-json\/wp\/v2\/media?parent=2129"}],"curies":[{"name":"wp","href":"https:\/\/api.w.org\/{rel}","templated":true}]}}