{"id":2102,"date":"2024-02-07T19:23:31","date_gmt":"2024-02-07T18:23:31","guid":{"rendered":"https:\/\/tellus-ing.com\/?page_id=2102"},"modified":"2024-02-07T19:33:36","modified_gmt":"2024-02-07T18:33:36","slug":"fumel-vallee-du-lot-le-patrimoine-industriel-dhier-et-daujourdhui-se-visite","status":"publish","type":"page","link":"https:\/\/tellus-ing.com\/en\/fumel-vallee-du-lot-le-patrimoine-industriel-dhier-et-daujourdhui-se-visite\/","title":{"rendered":"Article 5 : Fumel-Vall\u00e9e du Lot : le patrimoine industriel d\u2019hier et d\u2019aujourd\u2019hui se visite"},"content":{"rendered":"<div data-elementor-type=\"wp-page\" data-elementor-id=\"2102\" class=\"elementor elementor-2102\" data-elementor-settings=\"{&quot;ha_cmc_init_switcher&quot;:&quot;no&quot;}\">\n\t\t\t\t\t\t<section class=\"elementor-section elementor-top-section elementor-element elementor-element-8384962 elementor-section-boxed elementor-section-height-default elementor-section-height-default\" data-id=\"8384962\" data-element_type=\"section\" data-e-type=\"section\" data-settings=\"{&quot;_ha_eqh_enable&quot;:false}\">\n\t\t\t\t\t\t<div class=\"elementor-container elementor-column-gap-default\">\n\t\t\t\t\t<div class=\"elementor-column elementor-col-100 elementor-top-column elementor-element elementor-element-4458e91\" data-id=\"4458e91\" data-element_type=\"column\" data-e-type=\"column\">\n\t\t\t<div class=\"elementor-widget-wrap elementor-element-populated\">\n\t\t\t\t\t\t<div class=\"elementor-element elementor-element-7970f75 elementor-widget elementor-widget-heading\" data-id=\"7970f75\" data-element_type=\"widget\" data-e-type=\"widget\" data-widget_type=\"heading.default\">\n\t\t\t\t<div class=\"elementor-widget-container\">\n\t\t\t\t\t<h2 class=\"elementor-heading-title elementor-size-default\">Fumel-Vall\u00e9e du Lot : le patrimoine industriel d\u2019hier et d\u2019aujourd\u2019hui se visite<\/h2>\t\t\t\t<\/div>\n\t\t\t\t<\/div>\n\t\t\t\t<div class=\"elementor-element elementor-element-aecf52d elementor-widget elementor-widget-heading\" data-id=\"aecf52d\" data-element_type=\"widget\" data-e-type=\"widget\" data-widget_type=\"heading.default\">\n\t\t\t\t<div class=\"elementor-widget-container\">\n\t\t\t\t\t<h2 class=\"elementor-heading-title elementor-size-default\"><a href=\"https:\/\/www.sudouest.fr\/lot-et-garonne\/villeneuve-sur-lot\/fumel-vallee-du-lot-le-patrimoine-industriel-d-hier-et-d-aujourd-hui-se-visite-16854399.php?fbclid=IwAR0wnSOjjOVi9T27bQcffvKl2lqa37Ps0LD0DH7VMlyXD-BHgsxoRbUNRA0\">Article publi\u00e9 par SUD-OUEST le 03\/10\/2023<\/a><\/h2>\t\t\t\t<\/div>\n\t\t\t\t<\/div>\n\t\t\t\t<div class=\"elementor-element elementor-element-9872e6f elementor-widget elementor-widget-image\" data-id=\"9872e6f\" data-element_type=\"widget\" data-e-type=\"widget\" data-widget_type=\"image.default\">\n\t\t\t\t<div class=\"elementor-widget-container\">\n\t\t\t\t\t\t\t\t\t\t\t\t\t\t\t<img fetchpriority=\"high\" decoding=\"async\" width=\"1000\" height=\"500\" src=\"http:\/\/tellus-ing.com\/wp-content\/uploads\/2024\/02\/villeneuveetvalleedulot-6dd09877151d406db86017f76b61c2dd-122640-ph0.jpg\" class=\"attachment-large size-large wp-image-2110\" alt=\"\" srcset=\"http:\/\/tellus-ing.com\/wp-content\/uploads\/2024\/02\/villeneuveetvalleedulot-6dd09877151d406db86017f76b61c2dd-122640-ph0.jpg 1000w, http:\/\/tellus-ing.com\/wp-content\/uploads\/2024\/02\/villeneuveetvalleedulot-6dd09877151d406db86017f76b61c2dd-122640-ph0-300x150.jpg 300w, http:\/\/tellus-ing.com\/wp-content\/uploads\/2024\/02\/villeneuveetvalleedulot-6dd09877151d406db86017f76b61c2dd-122640-ph0-768x384.jpg 768w, http:\/\/tellus-ing.com\/wp-content\/uploads\/2024\/02\/villeneuveetvalleedulot-6dd09877151d406db86017f76b61c2dd-122640-ph0-18x9.jpg 18w\" sizes=\"(max-width: 1000px) 100vw, 1000px\" \/>\t\t\t\t\t\t\t\t\t\t\t\t\t\t\t<\/div>\n\t\t\t\t<\/div>\n\t\t\t\t<div class=\"elementor-element elementor-element-f1fddf2 elementor-widget elementor-widget-text-editor\" data-id=\"f1fddf2\" data-element_type=\"widget\" data-e-type=\"widget\" data-widget_type=\"text-editor.default\">\n\t\t\t\t<div class=\"elementor-widget-container\">\n\t\t\t\t\t\t\t\t\t<p>\u00a9 SUD OUEST<\/p>\t\t\t\t\t\t\t\t<\/div>\n\t\t\t\t<\/div>\n\t\t\t\t<div class=\"elementor-element elementor-element-2560733 elementor-widget elementor-widget-text-editor\" data-id=\"2560733\" data-element_type=\"widget\" data-e-type=\"widget\" data-widget_type=\"text-editor.default\">\n\t\t\t\t<div class=\"elementor-widget-container\">\n\t\t\t\t\t\t\t\t\t<div id=\"excerpt-block\" class=\"excerpt\"><span id=\"16854399\">De nombreux sites sont \u00e0 (re)d\u00e9couvrir du vendredi\u00a06 au dimanche 8\u00a0octobre<\/span><\/div><div class=\"full-content\"><div class=\"article-body-wrapper visible-premium\"><p>Les Journ\u00e9es du patrimoine industriel, relay\u00e9es du vendredi\u00a06 au dimanche 8\u00a0octobre par l\u2019association Pays, histoire et patrimoines, seront particuli\u00e8rement riches et diverses sur l\u2019ensemble du territoire de Fumel-Vall\u00e9e du Lot. Entre expositions, balades d\u00e9couvertes, visites d\u2019entreprises et de sites in\u00e9dits et prestigieux, m\u00eame les plus curieux devront faire des choix.<\/p><p>Le mot de \u00ab\u00a0patrimoine\u00a0\u00bb ne doit pas faire penser \u00e0 richesse disparue. Les passionn\u00e9s de savoir-faire ne manqueront pas les visites d\u2019entreprises bien actives, telles Argeco, Tellus Ceram, la tuilerie de Condat, Argiles d\u2019Aquitaine, le barrage hydro\u00e9lectrique d\u2019Hydmatec ou encore la minoterie de Bidou, \u00e0 Penne-d\u2019Agenais. Sachant que quatre d\u2019entre elles ont l\u2019argile comme mat\u00e9riau de base, le public pourra s\u2019y int\u00e9resser plus profond\u00e9ment en \u00e9coutant la conf\u00e9rence sur la transformation et les applications des argiles.<\/p><\/div><\/div>\t\t\t\t\t\t\t\t<\/div>\n\t\t\t\t<\/div>\n\t\t\t\t\t<\/div>\n\t\t<\/div>\n\t\t\t\t\t<\/div>\n\t\t<\/section>\n\t\t\t\t<\/div>","protected":false},"excerpt":{"rendered":"<p>Fumel-Vall\u00e9e du Lot : le patrimoine industriel d\u2019hier et d\u2019aujourd\u2019hui se visite Article publi\u00e9 par SUD-OUEST le 03\/10\/2023 \u00a9 SUD OUEST De nombreux sites sont \u00e0 (re)d\u00e9couvrir du vendredi\u00a06 au dimanche 8\u00a0octobre Les Journ\u00e9es du patrimoine industriel, relay\u00e9es du vendredi\u00a06 au dimanche 8\u00a0octobre par l\u2019association Pays, histoire et patrimoines, seront particuli\u00e8rement riches et diverses sur&hellip;&nbsp;<a href=\"https:\/\/tellus-ing.com\/en\/fumel-vallee-du-lot-le-patrimoine-industriel-dhier-et-daujourdhui-se-visite\/\" rel=\"bookmark\">Read More &raquo;<span class=\"screen-reader-text\">Article 5 : Fumel-Vall\u00e9e du Lot : le patrimoine industriel d\u2019hier et d\u2019aujourd\u2019hui se visite<\/span><\/a><\/p>","protected":false},"author":1,"featured_media":0,"parent":0,"menu_order":0,"comment_status":"closed","ping_status":"closed","template":"page-templates\/template-pagebuilder-full-width.php","meta":{"sfsi_plus_gutenberg_text_before_share":"","sfsi_plus_gutenberg_show_text_before_share":"","sfsi_plus_gutenberg_icon_type":"","sfsi_plus_gutenberg_icon_alignemt":"","sfsi_plus_gutenburg_max_per_row":"","neve_meta_sidebar":"","neve_meta_container":"","neve_meta_enable_content_width":"","neve_meta_content_width":70,"neve_meta_title_alignment":"","neve_meta_author_avatar":"","neve_post_elements_order":"","neve_meta_disable_header":"","neve_meta_disable_footer":"","neve_meta_disable_title":"","footnotes":""},"class_list":["post-2102","page","type-page","status-publish","hentry"],"yoast_head":"<!-- This site is optimized with the Yoast SEO plugin v27.0 - https:\/\/yoast.com\/product\/yoast-seo-wordpress\/ -->\n<title>Article 5 : Fumel-Vall\u00e9e du Lot : le patrimoine industriel d\u2019hier et d\u2019aujourd\u2019hui se visite - Tellus Ceram<\/title>\n<meta name=\"robots\" content=\"index, follow, max-snippet:-1, max-image-preview:large, max-video-preview:-1\" \/>\n<link rel=\"canonical\" href=\"https:\/\/tellus-ing.com\/en\/fumel-vallee-du-lot-le-patrimoine-industriel-dhier-et-daujourdhui-se-visite\/\" \/>\n<meta property=\"og:locale\" content=\"en_GB\" \/>\n<meta property=\"og:type\" content=\"article\" \/>\n<meta property=\"og:title\" content=\"Article 5 : Fumel-Vall\u00e9e du Lot : le patrimoine industriel d\u2019hier et d\u2019aujourd\u2019hui se visite - Tellus Ceram\" \/>\n<meta property=\"og:description\" content=\"Fumel-Vall\u00e9e du Lot : le patrimoine industriel d\u2019hier et d\u2019aujourd\u2019hui se visite Article publi\u00e9 par SUD-OUEST le 03\/10\/2023 \u00a9 SUD OUEST De nombreux sites sont \u00e0 (re)d\u00e9couvrir du vendredi\u00a06 au dimanche 8\u00a0octobre Les Journ\u00e9es du patrimoine industriel, relay\u00e9es du vendredi\u00a06 au dimanche 8\u00a0octobre par l\u2019association Pays, histoire et patrimoines, seront particuli\u00e8rement riches et diverses sur&hellip;&nbsp;Read More &raquo;Article 5 : Fumel-Vall\u00e9e du Lot : le patrimoine industriel d\u2019hier et d\u2019aujourd\u2019hui se visite\" \/>\n<meta property=\"og:url\" content=\"https:\/\/tellus-ing.com\/en\/fumel-vallee-du-lot-le-patrimoine-industriel-dhier-et-daujourdhui-se-visite\/\" \/>\n<meta property=\"og:site_name\" content=\"Tellus Ceram\" \/>\n<meta property=\"article:modified_time\" content=\"2024-02-07T18:33:36+00:00\" \/>\n<meta property=\"og:image\" content=\"https:\/\/tellus-ing.com\/wp-content\/uploads\/2024\/02\/villeneuveetvalleedulot-6dd09877151d406db86017f76b61c2dd-122640-ph0.jpg\" \/>\n<meta name=\"twitter:card\" content=\"summary_large_image\" \/>\n<meta name=\"twitter:label1\" content=\"Estimated reading time\" \/>\n\t<meta name=\"twitter:data1\" content=\"1 minute\" \/>\n<script type=\"application\/ld+json\" class=\"yoast-schema-graph\">{\"@context\":\"https:\/\/schema.org\",\"@graph\":[{\"@type\":\"WebPage\",\"@id\":\"https:\/\/tellus-ing.com\/fumel-vallee-du-lot-le-patrimoine-industriel-dhier-et-daujourdhui-se-visite\/\",\"url\":\"https:\/\/tellus-ing.com\/fumel-vallee-du-lot-le-patrimoine-industriel-dhier-et-daujourdhui-se-visite\/\",\"name\":\"Article 5 : Fumel-Vall\u00e9e du Lot : le patrimoine industriel d\u2019hier et d\u2019aujourd\u2019hui se visite - Tellus Ceram\",\"isPartOf\":{\"@id\":\"http:\/\/tellus-ing.com\/#website\"},\"primaryImageOfPage\":{\"@id\":\"https:\/\/tellus-ing.com\/fumel-vallee-du-lot-le-patrimoine-industriel-dhier-et-daujourdhui-se-visite\/#primaryimage\"},\"image\":{\"@id\":\"https:\/\/tellus-ing.com\/fumel-vallee-du-lot-le-patrimoine-industriel-dhier-et-daujourdhui-se-visite\/#primaryimage\"},\"thumbnailUrl\":\"https:\/\/tellus-ing.com\/wp-content\/uploads\/2024\/02\/villeneuveetvalleedulot-6dd09877151d406db86017f76b61c2dd-122640-ph0.jpg\",\"datePublished\":\"2024-02-07T18:23:31+00:00\",\"dateModified\":\"2024-02-07T18:33:36+00:00\",\"breadcrumb\":{\"@id\":\"https:\/\/tellus-ing.com\/fumel-vallee-du-lot-le-patrimoine-industriel-dhier-et-daujourdhui-se-visite\/#breadcrumb\"},\"inLanguage\":\"en-GB\",\"potentialAction\":[{\"@type\":\"ReadAction\",\"target\":[\"https:\/\/tellus-ing.com\/fumel-vallee-du-lot-le-patrimoine-industriel-dhier-et-daujourdhui-se-visite\/\"]}]},{\"@type\":\"ImageObject\",\"inLanguage\":\"en-GB\",\"@id\":\"https:\/\/tellus-ing.com\/fumel-vallee-du-lot-le-patrimoine-industriel-dhier-et-daujourdhui-se-visite\/#primaryimage\",\"url\":\"https:\/\/tellus-ing.com\/wp-content\/uploads\/2024\/02\/villeneuveetvalleedulot-6dd09877151d406db86017f76b61c2dd-122640-ph0.jpg\",\"contentUrl\":\"https:\/\/tellus-ing.com\/wp-content\/uploads\/2024\/02\/villeneuveetvalleedulot-6dd09877151d406db86017f76b61c2dd-122640-ph0.jpg\"},{\"@type\":\"BreadcrumbList\",\"@id\":\"https:\/\/tellus-ing.com\/fumel-vallee-du-lot-le-patrimoine-industriel-dhier-et-daujourdhui-se-visite\/#breadcrumb\",\"itemListElement\":[{\"@type\":\"ListItem\",\"position\":1,\"name\":\"Accueil\",\"item\":\"http:\/\/tellus-ing.com\/\"},{\"@type\":\"ListItem\",\"position\":2,\"name\":\"Article 5 : Fumel-Vall\u00e9e du Lot : le patrimoine industriel d\u2019hier et d\u2019aujourd\u2019hui se visite\"}]},{\"@type\":\"WebSite\",\"@id\":\"http:\/\/tellus-ing.com\/#website\",\"url\":\"http:\/\/tellus-ing.com\/\",\"name\":\"Tellus Ceram\",\"description\":\"\",\"publisher\":{\"@id\":\"http:\/\/tellus-ing.com\/#organization\"},\"potentialAction\":[{\"@type\":\"SearchAction\",\"target\":{\"@type\":\"EntryPoint\",\"urlTemplate\":\"http:\/\/tellus-ing.com\/?s={search_term_string}\"},\"query-input\":{\"@type\":\"PropertyValueSpecification\",\"valueRequired\":true,\"valueName\":\"search_term_string\"}}],\"inLanguage\":\"en-GB\"},{\"@type\":\"Organization\",\"@id\":\"http:\/\/tellus-ing.com\/#organization\",\"name\":\"Tellus Ceram\",\"url\":\"http:\/\/tellus-ing.com\/\",\"logo\":{\"@type\":\"ImageObject\",\"inLanguage\":\"en-GB\",\"@id\":\"http:\/\/tellus-ing.com\/#\/schema\/logo\/image\/\",\"url\":\"https:\/\/tellus-ing.com\/wp-content\/uploads\/2019\/03\/cropped-LOGO-TELLUS-CERAM-1-1.png\",\"contentUrl\":\"https:\/\/tellus-ing.com\/wp-content\/uploads\/2019\/03\/cropped-LOGO-TELLUS-CERAM-1-1.png\",\"width\":572,\"height\":268,\"caption\":\"Tellus Ceram\"},\"image\":{\"@id\":\"http:\/\/tellus-ing.com\/#\/schema\/logo\/image\/\"}}]}<\/script>\n<!-- \/ Yoast SEO plugin. -->","yoast_head_json":{"title":"Article 5 : Fumel-Vall\u00e9e du Lot : le patrimoine industriel d\u2019hier et d\u2019aujourd\u2019hui se visite - Tellus Ceram","robots":{"index":"index","follow":"follow","max-snippet":"max-snippet:-1","max-image-preview":"max-image-preview:large","max-video-preview":"max-video-preview:-1"},"canonical":"https:\/\/tellus-ing.com\/en\/fumel-vallee-du-lot-le-patrimoine-industriel-dhier-et-daujourdhui-se-visite\/","og_locale":"en_GB","og_type":"article","og_title":"Article 5 : Fumel-Vall\u00e9e du Lot : le patrimoine industriel d\u2019hier et d\u2019aujourd\u2019hui se visite - Tellus Ceram","og_description":"Fumel-Vall\u00e9e du Lot : le patrimoine industriel d\u2019hier et d\u2019aujourd\u2019hui se visite Article publi\u00e9 par SUD-OUEST le 03\/10\/2023 \u00a9 SUD OUEST De nombreux sites sont \u00e0 (re)d\u00e9couvrir du vendredi\u00a06 au dimanche 8\u00a0octobre Les Journ\u00e9es du patrimoine industriel, relay\u00e9es du vendredi\u00a06 au dimanche 8\u00a0octobre par l\u2019association Pays, histoire et patrimoines, seront particuli\u00e8rement riches et diverses sur&hellip;&nbsp;Read More &raquo;Article 5 : Fumel-Vall\u00e9e du Lot : le patrimoine industriel d\u2019hier et d\u2019aujourd\u2019hui se visite","og_url":"https:\/\/tellus-ing.com\/en\/fumel-vallee-du-lot-le-patrimoine-industriel-dhier-et-daujourdhui-se-visite\/","og_site_name":"Tellus Ceram","article_modified_time":"2024-02-07T18:33:36+00:00","og_image":[{"url":"https:\/\/tellus-ing.com\/wp-content\/uploads\/2024\/02\/villeneuveetvalleedulot-6dd09877151d406db86017f76b61c2dd-122640-ph0.jpg","type":"","width":"","height":""}],"twitter_card":"summary_large_image","twitter_misc":{"Estimated reading time":"1 minute"},"schema":{"@context":"https:\/\/schema.org","@graph":[{"@type":"WebPage","@id":"https:\/\/tellus-ing.com\/fumel-vallee-du-lot-le-patrimoine-industriel-dhier-et-daujourdhui-se-visite\/","url":"https:\/\/tellus-ing.com\/fumel-vallee-du-lot-le-patrimoine-industriel-dhier-et-daujourdhui-se-visite\/","name":"Article 5 : Fumel-Vall\u00e9e du Lot : le patrimoine industriel d\u2019hier et d\u2019aujourd\u2019hui se visite - Tellus Ceram","isPartOf":{"@id":"http:\/\/tellus-ing.com\/#website"},"primaryImageOfPage":{"@id":"https:\/\/tellus-ing.com\/fumel-vallee-du-lot-le-patrimoine-industriel-dhier-et-daujourdhui-se-visite\/#primaryimage"},"image":{"@id":"https:\/\/tellus-ing.com\/fumel-vallee-du-lot-le-patrimoine-industriel-dhier-et-daujourdhui-se-visite\/#primaryimage"},"thumbnailUrl":"https:\/\/tellus-ing.com\/wp-content\/uploads\/2024\/02\/villeneuveetvalleedulot-6dd09877151d406db86017f76b61c2dd-122640-ph0.jpg","datePublished":"2024-02-07T18:23:31+00:00","dateModified":"2024-02-07T18:33:36+00:00","breadcrumb":{"@id":"https:\/\/tellus-ing.com\/fumel-vallee-du-lot-le-patrimoine-industriel-dhier-et-daujourdhui-se-visite\/#breadcrumb"},"inLanguage":"en-GB","potentialAction":[{"@type":"ReadAction","target":["https:\/\/tellus-ing.com\/fumel-vallee-du-lot-le-patrimoine-industriel-dhier-et-daujourdhui-se-visite\/"]}]},{"@type":"ImageObject","inLanguage":"en-GB","@id":"https:\/\/tellus-ing.com\/fumel-vallee-du-lot-le-patrimoine-industriel-dhier-et-daujourdhui-se-visite\/#primaryimage","url":"https:\/\/tellus-ing.com\/wp-content\/uploads\/2024\/02\/villeneuveetvalleedulot-6dd09877151d406db86017f76b61c2dd-122640-ph0.jpg","contentUrl":"https:\/\/tellus-ing.com\/wp-content\/uploads\/2024\/02\/villeneuveetvalleedulot-6dd09877151d406db86017f76b61c2dd-122640-ph0.jpg"},{"@type":"BreadcrumbList","@id":"https:\/\/tellus-ing.com\/fumel-vallee-du-lot-le-patrimoine-industriel-dhier-et-daujourdhui-se-visite\/#breadcrumb","itemListElement":[{"@type":"ListItem","position":1,"name":"Accueil","item":"http:\/\/tellus-ing.com\/"},{"@type":"ListItem","position":2,"name":"Article 5 : Fumel-Vall\u00e9e du Lot : le patrimoine industriel d\u2019hier et d\u2019aujourd\u2019hui se visite"}]},{"@type":"WebSite","@id":"http:\/\/tellus-ing.com\/#website","url":"http:\/\/tellus-ing.com\/","name":"Tellus Ceram","description":"","publisher":{"@id":"http:\/\/tellus-ing.com\/#organization"},"potentialAction":[{"@type":"SearchAction","target":{"@type":"EntryPoint","urlTemplate":"http:\/\/tellus-ing.com\/?s={search_term_string}"},"query-input":{"@type":"PropertyValueSpecification","valueRequired":true,"valueName":"search_term_string"}}],"inLanguage":"en-GB"},{"@type":"Organization","@id":"http:\/\/tellus-ing.com\/#organization","name":"Tellus Ceram","url":"http:\/\/tellus-ing.com\/","logo":{"@type":"ImageObject","inLanguage":"en-GB","@id":"http:\/\/tellus-ing.com\/#\/schema\/logo\/image\/","url":"https:\/\/tellus-ing.com\/wp-content\/uploads\/2019\/03\/cropped-LOGO-TELLUS-CERAM-1-1.png","contentUrl":"https:\/\/tellus-ing.com\/wp-content\/uploads\/2019\/03\/cropped-LOGO-TELLUS-CERAM-1-1.png","width":572,"height":268,"caption":"Tellus Ceram"},"image":{"@id":"http:\/\/tellus-ing.com\/#\/schema\/logo\/image\/"}}]}},"_links":{"self":[{"href":"https:\/\/tellus-ing.com\/en\/wp-json\/wp\/v2\/pages\/2102","targetHints":{"allow":["GET"]}}],"collection":[{"href":"https:\/\/tellus-ing.com\/en\/wp-json\/wp\/v2\/pages"}],"about":[{"href":"https:\/\/tellus-ing.com\/en\/wp-json\/wp\/v2\/types\/page"}],"author":[{"embeddable":true,"href":"https:\/\/tellus-ing.com\/en\/wp-json\/wp\/v2\/users\/1"}],"replies":[{"embeddable":true,"href":"https:\/\/tellus-ing.com\/en\/wp-json\/wp\/v2\/comments?post=2102"}],"version-history":[{"count":13,"href":"https:\/\/tellus-ing.com\/en\/wp-json\/wp\/v2\/pages\/2102\/revisions"}],"predecessor-version":[{"id":2143,"href":"https:\/\/tellus-ing.com\/en\/wp-json\/wp\/v2\/pages\/2102\/revisions\/2143"}],"wp:attachment":[{"href":"https:\/\/tellus-ing.com\/en\/wp-json\/wp\/v2\/media?parent=2102"}],"curies":[{"name":"wp","href":"https:\/\/api.w.org\/{rel}","templated":true}]}}