{"id":2087,"date":"2024-02-07T19:18:58","date_gmt":"2024-02-07T18:18:58","guid":{"rendered":"https:\/\/tellus-ing.com\/?page_id=2087"},"modified":"2024-02-07T19:34:09","modified_gmt":"2024-02-07T18:34:09","slug":"la-semaine-de-quatre-jours-est-devenue-la-norme-chez-tellus-ceram-a-monsempron-libos","status":"publish","type":"page","link":"https:\/\/tellus-ing.com\/en\/la-semaine-de-quatre-jours-est-devenue-la-norme-chez-tellus-ceram-a-monsempron-libos\/","title":{"rendered":"Article 4 : La semaine de quatre jours est devenue la norme chez Tellus-Ceram, \u00e0 Monsempron-Libos"},"content":{"rendered":"<div data-elementor-type=\"wp-page\" data-elementor-id=\"2087\" class=\"elementor elementor-2087\" data-elementor-settings=\"{&quot;ha_cmc_init_switcher&quot;:&quot;no&quot;}\">\n\t\t\t\t\t\t<section class=\"elementor-section elementor-top-section elementor-element elementor-element-8384962 elementor-section-boxed elementor-section-height-default elementor-section-height-default\" data-id=\"8384962\" data-element_type=\"section\" data-e-type=\"section\" data-settings=\"{&quot;_ha_eqh_enable&quot;:false}\">\n\t\t\t\t\t\t<div class=\"elementor-container elementor-column-gap-default\">\n\t\t\t\t\t<div class=\"elementor-column elementor-col-100 elementor-top-column elementor-element elementor-element-4458e91\" data-id=\"4458e91\" data-element_type=\"column\" data-e-type=\"column\">\n\t\t\t<div class=\"elementor-widget-wrap elementor-element-populated\">\n\t\t\t\t\t\t<div class=\"elementor-element elementor-element-7970f75 elementor-widget elementor-widget-heading\" data-id=\"7970f75\" data-element_type=\"widget\" data-e-type=\"widget\" data-widget_type=\"heading.default\">\n\t\t\t\t<div class=\"elementor-widget-container\">\n\t\t\t\t\t<h2 class=\"elementor-heading-title elementor-size-default\">La semaine de quatre jours est devenue la norme chez Tellus-Ceram, \u00e0 Monsempron-Libos<\/h2>\t\t\t\t<\/div>\n\t\t\t\t<\/div>\n\t\t\t\t<div class=\"elementor-element elementor-element-aecf52d elementor-widget elementor-widget-heading\" data-id=\"aecf52d\" data-element_type=\"widget\" data-e-type=\"widget\" data-widget_type=\"heading.default\">\n\t\t\t\t<div class=\"elementor-widget-container\">\n\t\t\t\t\t<h2 class=\"elementor-heading-title elementor-size-default\"><a href=\"https:\/\/www.sudouest.fr\/lot-et-garonne\/monsempron-libos\/la-semaine-de-quatre-jours-est-devenue-la-norme-chez-tellus-ceram-a-monsempron-libos-17108496.php?fbclid=IwAR2Jm6GZnbx2xV8YIRYyx3KW8_tSWvJsE7hf6-mj4wb80JvB90i0MzAf8KU\">Article publi\u00e9 par SUD-OUEST le 23\/10\/2023<\/a><\/h2>\t\t\t\t<\/div>\n\t\t\t\t<\/div>\n\t\t\t\t<div class=\"elementor-element elementor-element-9872e6f elementor-widget elementor-widget-image\" data-id=\"9872e6f\" data-element_type=\"widget\" data-e-type=\"widget\" data-widget_type=\"image.default\">\n\t\t\t\t<div class=\"elementor-widget-container\">\n\t\t\t\t\t\t\t\t\t\t\t\t\t\t\t<img fetchpriority=\"high\" decoding=\"async\" width=\"1000\" height=\"500\" src=\"https:\/\/tellus-ing.com\/wp-content\/uploads\/2024\/02\/tellus-ceram.jpg\" class=\"attachment-large size-large wp-image-2089\" alt=\"\" srcset=\"https:\/\/tellus-ing.com\/wp-content\/uploads\/2024\/02\/tellus-ceram.jpg 1000w, https:\/\/tellus-ing.com\/wp-content\/uploads\/2024\/02\/tellus-ceram-300x150.jpg 300w, https:\/\/tellus-ing.com\/wp-content\/uploads\/2024\/02\/tellus-ceram-768x384.jpg 768w, https:\/\/tellus-ing.com\/wp-content\/uploads\/2024\/02\/tellus-ceram-18x9.jpg 18w\" sizes=\"(max-width: 1000px) 100vw, 1000px\" \/>\t\t\t\t\t\t\t\t\t\t\t\t\t\t\t<\/div>\n\t\t\t\t<\/div>\n\t\t\t\t<div class=\"elementor-element elementor-element-032217e elementor-widget elementor-widget-text-editor\" data-id=\"032217e\" data-element_type=\"widget\" data-e-type=\"widget\" data-widget_type=\"text-editor.default\">\n\t\t\t\t<div class=\"elementor-widget-container\">\n\t\t\t\t\t\t\t\t\t<p>\u00a9 SUD OUEST<\/p>\t\t\t\t\t\t\t\t<\/div>\n\t\t\t\t<\/div>\n\t\t\t\t<div class=\"elementor-element elementor-element-2560733 elementor-widget elementor-widget-text-editor\" data-id=\"2560733\" data-element_type=\"widget\" data-e-type=\"widget\" data-widget_type=\"text-editor.default\">\n\t\t\t\t<div class=\"elementor-widget-container\">\n\t\t\t\t\t\t\t\t\t<div id=\"excerpt-block\" class=\"excerpt\"><span id=\"17108496\">Ce qui devait \u00eatre au d\u00e9part momentan\u00e9 pour absorber la hausse du co\u00fbt de l\u2019\u00e9nergie s\u2019est finalement p\u00e9rennis\u00e9. Ouvriers et patron y trouvent leur compte.<\/span><\/div><div class=\"full-content\"><div class=\"article-body-wrapper visible-premium\"><p>\u00c0 l\u2019origine, c\u2019\u00e9tait une mesure \u00e9conomique post-Covid. L\u2019entreprise Tellus-Ceram, \u00e0 Monsempron-Libos, lourdement touch\u00e9e par la hausse du co\u00fbt de l\u2019\u00e9nergie, avait \u00e9teint deux de ses trois fours durant trois mois fin 2022, reprenant finalement une activit\u00e9 industrielle normale en avril 2023. \u00ab\u00a0On prenait 20\u00a0% de hausse des co\u00fbts tous les trimestres, raconte Mesmin B\u00e9ragnes, directeur g\u00e9n\u00e9ral de l\u2019entreprise. On vendait nos produits \u00e0 perte. En septembre 2022, apr\u00e8s une \u00e9ni\u00e8me augmentation de l\u2019\u00e9nergie, il a fallu trouver une solution.\u00a0\u00bb Elle a \u00e9t\u00e9 d\u2019arr\u00eater l\u2019activit\u00e9 de fabrication durant trois semaines, puis de reprendre en douceur d\u00e9but avril\u00a0: \u00ab\u00a0Durant trois mois et demi, on a travaill\u00e9 sur les stocks sans cuisson. Du coup, la semaine de quatre jours suffisait pour la fabrication et l\u2019usinage. Le week-end de trois jours s\u2019est mis en place.\u00a0\u00bb<\/p><\/div><\/div>\t\t\t\t\t\t\t\t<\/div>\n\t\t\t\t<\/div>\n\t\t\t\t\t<\/div>\n\t\t<\/div>\n\t\t\t\t\t<\/div>\n\t\t<\/section>\n\t\t\t\t<\/div>","protected":false},"excerpt":{"rendered":"<p>La semaine de quatre jours est devenue la norme chez Tellus-Ceram, \u00e0 Monsempron-Libos Article publi\u00e9 par SUD-OUEST le 23\/10\/2023 \u00a9 SUD OUEST Ce qui devait \u00eatre au d\u00e9part momentan\u00e9 pour absorber la hausse du co\u00fbt de l\u2019\u00e9nergie s\u2019est finalement p\u00e9rennis\u00e9. Ouvriers et patron y trouvent leur compte. \u00c0 l\u2019origine, c\u2019\u00e9tait une mesure \u00e9conomique post-Covid. L\u2019entreprise&hellip;&nbsp;<a href=\"https:\/\/tellus-ing.com\/en\/la-semaine-de-quatre-jours-est-devenue-la-norme-chez-tellus-ceram-a-monsempron-libos\/\" rel=\"bookmark\">Read More &raquo;<span class=\"screen-reader-text\">Article 4 : La semaine de quatre jours est devenue la norme chez Tellus-Ceram, \u00e0 Monsempron-Libos<\/span><\/a><\/p>","protected":false},"author":1,"featured_media":0,"parent":0,"menu_order":0,"comment_status":"closed","ping_status":"closed","template":"page-templates\/template-pagebuilder-full-width.php","meta":{"sfsi_plus_gutenberg_text_before_share":"","sfsi_plus_gutenberg_show_text_before_share":"","sfsi_plus_gutenberg_icon_type":"","sfsi_plus_gutenberg_icon_alignemt":"","sfsi_plus_gutenburg_max_per_row":"","neve_meta_sidebar":"","neve_meta_container":"","neve_meta_enable_content_width":"","neve_meta_content_width":70,"neve_meta_title_alignment":"","neve_meta_author_avatar":"","neve_post_elements_order":"","neve_meta_disable_header":"","neve_meta_disable_footer":"","neve_meta_disable_title":"","footnotes":""},"class_list":["post-2087","page","type-page","status-publish","hentry"],"yoast_head":"<!-- This site is optimized with the Yoast SEO plugin v27.0 - https:\/\/yoast.com\/product\/yoast-seo-wordpress\/ -->\n<title>Article 4 : La semaine de quatre jours est devenue la norme chez Tellus-Ceram, \u00e0 Monsempron-Libos - Tellus Ceram<\/title>\n<meta name=\"robots\" content=\"index, follow, max-snippet:-1, max-image-preview:large, max-video-preview:-1\" \/>\n<link rel=\"canonical\" href=\"https:\/\/tellus-ing.com\/en\/la-semaine-de-quatre-jours-est-devenue-la-norme-chez-tellus-ceram-a-monsempron-libos\/\" \/>\n<meta property=\"og:locale\" content=\"en_GB\" \/>\n<meta property=\"og:type\" content=\"article\" \/>\n<meta property=\"og:title\" content=\"Article 4 : La semaine de quatre jours est devenue la norme chez Tellus-Ceram, \u00e0 Monsempron-Libos - Tellus Ceram\" \/>\n<meta property=\"og:description\" content=\"La semaine de quatre jours est devenue la norme chez Tellus-Ceram, \u00e0 Monsempron-Libos Article publi\u00e9 par SUD-OUEST le 23\/10\/2023 \u00a9 SUD OUEST Ce qui devait \u00eatre au d\u00e9part momentan\u00e9 pour absorber la hausse du co\u00fbt de l\u2019\u00e9nergie s\u2019est finalement p\u00e9rennis\u00e9. Ouvriers et patron y trouvent leur compte. \u00c0 l\u2019origine, c\u2019\u00e9tait une mesure \u00e9conomique post-Covid. L\u2019entreprise&hellip;&nbsp;Read More &raquo;Article 4 : La semaine de quatre jours est devenue la norme chez Tellus-Ceram, \u00e0 Monsempron-Libos\" \/>\n<meta property=\"og:url\" content=\"https:\/\/tellus-ing.com\/en\/la-semaine-de-quatre-jours-est-devenue-la-norme-chez-tellus-ceram-a-monsempron-libos\/\" \/>\n<meta property=\"og:site_name\" content=\"Tellus Ceram\" \/>\n<meta property=\"article:modified_time\" content=\"2024-02-07T18:34:09+00:00\" \/>\n<meta property=\"og:image\" content=\"https:\/\/tellus-ing.com\/wp-content\/uploads\/2024\/02\/tellus-ceram.jpg\" \/>\n<meta name=\"twitter:card\" content=\"summary_large_image\" \/>\n<meta name=\"twitter:label1\" content=\"Estimated reading time\" \/>\n\t<meta name=\"twitter:data1\" content=\"1 minute\" \/>\n<script type=\"application\/ld+json\" class=\"yoast-schema-graph\">{\"@context\":\"https:\/\/schema.org\",\"@graph\":[{\"@type\":\"WebPage\",\"@id\":\"https:\/\/tellus-ing.com\/la-semaine-de-quatre-jours-est-devenue-la-norme-chez-tellus-ceram-a-monsempron-libos\/\",\"url\":\"https:\/\/tellus-ing.com\/la-semaine-de-quatre-jours-est-devenue-la-norme-chez-tellus-ceram-a-monsempron-libos\/\",\"name\":\"Article 4 : La semaine de quatre jours est devenue la norme chez Tellus-Ceram, \u00e0 Monsempron-Libos - Tellus Ceram\",\"isPartOf\":{\"@id\":\"http:\/\/tellus-ing.com\/#website\"},\"primaryImageOfPage\":{\"@id\":\"https:\/\/tellus-ing.com\/la-semaine-de-quatre-jours-est-devenue-la-norme-chez-tellus-ceram-a-monsempron-libos\/#primaryimage\"},\"image\":{\"@id\":\"https:\/\/tellus-ing.com\/la-semaine-de-quatre-jours-est-devenue-la-norme-chez-tellus-ceram-a-monsempron-libos\/#primaryimage\"},\"thumbnailUrl\":\"https:\/\/tellus-ing.com\/wp-content\/uploads\/2024\/02\/tellus-ceram.jpg\",\"datePublished\":\"2024-02-07T18:18:58+00:00\",\"dateModified\":\"2024-02-07T18:34:09+00:00\",\"breadcrumb\":{\"@id\":\"https:\/\/tellus-ing.com\/la-semaine-de-quatre-jours-est-devenue-la-norme-chez-tellus-ceram-a-monsempron-libos\/#breadcrumb\"},\"inLanguage\":\"en-GB\",\"potentialAction\":[{\"@type\":\"ReadAction\",\"target\":[\"https:\/\/tellus-ing.com\/la-semaine-de-quatre-jours-est-devenue-la-norme-chez-tellus-ceram-a-monsempron-libos\/\"]}]},{\"@type\":\"ImageObject\",\"inLanguage\":\"en-GB\",\"@id\":\"https:\/\/tellus-ing.com\/la-semaine-de-quatre-jours-est-devenue-la-norme-chez-tellus-ceram-a-monsempron-libos\/#primaryimage\",\"url\":\"https:\/\/tellus-ing.com\/wp-content\/uploads\/2024\/02\/tellus-ceram.jpg\",\"contentUrl\":\"https:\/\/tellus-ing.com\/wp-content\/uploads\/2024\/02\/tellus-ceram.jpg\"},{\"@type\":\"BreadcrumbList\",\"@id\":\"https:\/\/tellus-ing.com\/la-semaine-de-quatre-jours-est-devenue-la-norme-chez-tellus-ceram-a-monsempron-libos\/#breadcrumb\",\"itemListElement\":[{\"@type\":\"ListItem\",\"position\":1,\"name\":\"Accueil\",\"item\":\"https:\/\/tellus-ing.com\/\"},{\"@type\":\"ListItem\",\"position\":2,\"name\":\"Article 4 : La semaine de quatre jours est devenue la norme chez Tellus-Ceram, \u00e0 Monsempron-Libos\"}]},{\"@type\":\"WebSite\",\"@id\":\"http:\/\/tellus-ing.com\/#website\",\"url\":\"http:\/\/tellus-ing.com\/\",\"name\":\"Tellus Ceram\",\"description\":\"\",\"publisher\":{\"@id\":\"http:\/\/tellus-ing.com\/#organization\"},\"potentialAction\":[{\"@type\":\"SearchAction\",\"target\":{\"@type\":\"EntryPoint\",\"urlTemplate\":\"http:\/\/tellus-ing.com\/?s={search_term_string}\"},\"query-input\":{\"@type\":\"PropertyValueSpecification\",\"valueRequired\":true,\"valueName\":\"search_term_string\"}}],\"inLanguage\":\"en-GB\"},{\"@type\":\"Organization\",\"@id\":\"http:\/\/tellus-ing.com\/#organization\",\"name\":\"Tellus Ceram\",\"url\":\"http:\/\/tellus-ing.com\/\",\"logo\":{\"@type\":\"ImageObject\",\"inLanguage\":\"en-GB\",\"@id\":\"http:\/\/tellus-ing.com\/#\/schema\/logo\/image\/\",\"url\":\"https:\/\/tellus-ing.com\/wp-content\/uploads\/2019\/03\/cropped-LOGO-TELLUS-CERAM-1-1.png\",\"contentUrl\":\"https:\/\/tellus-ing.com\/wp-content\/uploads\/2019\/03\/cropped-LOGO-TELLUS-CERAM-1-1.png\",\"width\":572,\"height\":268,\"caption\":\"Tellus Ceram\"},\"image\":{\"@id\":\"http:\/\/tellus-ing.com\/#\/schema\/logo\/image\/\"}}]}<\/script>\n<!-- \/ Yoast SEO plugin. -->","yoast_head_json":{"title":"Article 4 : La semaine de quatre jours est devenue la norme chez Tellus-Ceram, \u00e0 Monsempron-Libos - Tellus Ceram","robots":{"index":"index","follow":"follow","max-snippet":"max-snippet:-1","max-image-preview":"max-image-preview:large","max-video-preview":"max-video-preview:-1"},"canonical":"https:\/\/tellus-ing.com\/en\/la-semaine-de-quatre-jours-est-devenue-la-norme-chez-tellus-ceram-a-monsempron-libos\/","og_locale":"en_GB","og_type":"article","og_title":"Article 4 : La semaine de quatre jours est devenue la norme chez Tellus-Ceram, \u00e0 Monsempron-Libos - Tellus Ceram","og_description":"La semaine de quatre jours est devenue la norme chez Tellus-Ceram, \u00e0 Monsempron-Libos Article publi\u00e9 par SUD-OUEST le 23\/10\/2023 \u00a9 SUD OUEST Ce qui devait \u00eatre au d\u00e9part momentan\u00e9 pour absorber la hausse du co\u00fbt de l\u2019\u00e9nergie s\u2019est finalement p\u00e9rennis\u00e9. Ouvriers et patron y trouvent leur compte. \u00c0 l\u2019origine, c\u2019\u00e9tait une mesure \u00e9conomique post-Covid. L\u2019entreprise&hellip;&nbsp;Read More &raquo;Article 4 : La semaine de quatre jours est devenue la norme chez Tellus-Ceram, \u00e0 Monsempron-Libos","og_url":"https:\/\/tellus-ing.com\/en\/la-semaine-de-quatre-jours-est-devenue-la-norme-chez-tellus-ceram-a-monsempron-libos\/","og_site_name":"Tellus Ceram","article_modified_time":"2024-02-07T18:34:09+00:00","og_image":[{"url":"https:\/\/tellus-ing.com\/wp-content\/uploads\/2024\/02\/tellus-ceram.jpg","type":"","width":"","height":""}],"twitter_card":"summary_large_image","twitter_misc":{"Estimated reading time":"1 minute"},"schema":{"@context":"https:\/\/schema.org","@graph":[{"@type":"WebPage","@id":"https:\/\/tellus-ing.com\/la-semaine-de-quatre-jours-est-devenue-la-norme-chez-tellus-ceram-a-monsempron-libos\/","url":"https:\/\/tellus-ing.com\/la-semaine-de-quatre-jours-est-devenue-la-norme-chez-tellus-ceram-a-monsempron-libos\/","name":"Article 4 : La semaine de quatre jours est devenue la norme chez Tellus-Ceram, \u00e0 Monsempron-Libos - Tellus Ceram","isPartOf":{"@id":"http:\/\/tellus-ing.com\/#website"},"primaryImageOfPage":{"@id":"https:\/\/tellus-ing.com\/la-semaine-de-quatre-jours-est-devenue-la-norme-chez-tellus-ceram-a-monsempron-libos\/#primaryimage"},"image":{"@id":"https:\/\/tellus-ing.com\/la-semaine-de-quatre-jours-est-devenue-la-norme-chez-tellus-ceram-a-monsempron-libos\/#primaryimage"},"thumbnailUrl":"https:\/\/tellus-ing.com\/wp-content\/uploads\/2024\/02\/tellus-ceram.jpg","datePublished":"2024-02-07T18:18:58+00:00","dateModified":"2024-02-07T18:34:09+00:00","breadcrumb":{"@id":"https:\/\/tellus-ing.com\/la-semaine-de-quatre-jours-est-devenue-la-norme-chez-tellus-ceram-a-monsempron-libos\/#breadcrumb"},"inLanguage":"en-GB","potentialAction":[{"@type":"ReadAction","target":["https:\/\/tellus-ing.com\/la-semaine-de-quatre-jours-est-devenue-la-norme-chez-tellus-ceram-a-monsempron-libos\/"]}]},{"@type":"ImageObject","inLanguage":"en-GB","@id":"https:\/\/tellus-ing.com\/la-semaine-de-quatre-jours-est-devenue-la-norme-chez-tellus-ceram-a-monsempron-libos\/#primaryimage","url":"https:\/\/tellus-ing.com\/wp-content\/uploads\/2024\/02\/tellus-ceram.jpg","contentUrl":"https:\/\/tellus-ing.com\/wp-content\/uploads\/2024\/02\/tellus-ceram.jpg"},{"@type":"BreadcrumbList","@id":"https:\/\/tellus-ing.com\/la-semaine-de-quatre-jours-est-devenue-la-norme-chez-tellus-ceram-a-monsempron-libos\/#breadcrumb","itemListElement":[{"@type":"ListItem","position":1,"name":"Accueil","item":"https:\/\/tellus-ing.com\/"},{"@type":"ListItem","position":2,"name":"Article 4 : La semaine de quatre jours est devenue la norme chez Tellus-Ceram, \u00e0 Monsempron-Libos"}]},{"@type":"WebSite","@id":"http:\/\/tellus-ing.com\/#website","url":"http:\/\/tellus-ing.com\/","name":"Tellus Ceram","description":"","publisher":{"@id":"http:\/\/tellus-ing.com\/#organization"},"potentialAction":[{"@type":"SearchAction","target":{"@type":"EntryPoint","urlTemplate":"http:\/\/tellus-ing.com\/?s={search_term_string}"},"query-input":{"@type":"PropertyValueSpecification","valueRequired":true,"valueName":"search_term_string"}}],"inLanguage":"en-GB"},{"@type":"Organization","@id":"http:\/\/tellus-ing.com\/#organization","name":"Tellus Ceram","url":"http:\/\/tellus-ing.com\/","logo":{"@type":"ImageObject","inLanguage":"en-GB","@id":"http:\/\/tellus-ing.com\/#\/schema\/logo\/image\/","url":"https:\/\/tellus-ing.com\/wp-content\/uploads\/2019\/03\/cropped-LOGO-TELLUS-CERAM-1-1.png","contentUrl":"https:\/\/tellus-ing.com\/wp-content\/uploads\/2019\/03\/cropped-LOGO-TELLUS-CERAM-1-1.png","width":572,"height":268,"caption":"Tellus Ceram"},"image":{"@id":"http:\/\/tellus-ing.com\/#\/schema\/logo\/image\/"}}]}},"_links":{"self":[{"href":"https:\/\/tellus-ing.com\/en\/wp-json\/wp\/v2\/pages\/2087","targetHints":{"allow":["GET"]}}],"collection":[{"href":"https:\/\/tellus-ing.com\/en\/wp-json\/wp\/v2\/pages"}],"about":[{"href":"https:\/\/tellus-ing.com\/en\/wp-json\/wp\/v2\/types\/page"}],"author":[{"embeddable":true,"href":"https:\/\/tellus-ing.com\/en\/wp-json\/wp\/v2\/users\/1"}],"replies":[{"embeddable":true,"href":"https:\/\/tellus-ing.com\/en\/wp-json\/wp\/v2\/comments?post=2087"}],"version-history":[{"count":13,"href":"https:\/\/tellus-ing.com\/en\/wp-json\/wp\/v2\/pages\/2087\/revisions"}],"predecessor-version":[{"id":2146,"href":"https:\/\/tellus-ing.com\/en\/wp-json\/wp\/v2\/pages\/2087\/revisions\/2146"}],"wp:attachment":[{"href":"https:\/\/tellus-ing.com\/en\/wp-json\/wp\/v2\/media?parent=2087"}],"curies":[{"name":"wp","href":"https:\/\/api.w.org\/{rel}","templated":true}]}}